{"id":17641,"date":"2022-12-29T21:09:56","date_gmt":"2022-12-29T21:09:56","guid":{"rendered":"https:\/\/www.sauda-hybel.no\/ny\/?page_id=17641"},"modified":"2024-02-20T11:42:42","modified_gmt":"2024-02-20T09:42:42","slug":"skjema","status":"publish","type":"page","link":"https:\/\/www.sauda-hybel.no\/ny\/skjema\/","title":{"rendered":"S\u00f8knad skjema"},"content":{"rendered":"\t\t<div data-elementor-type=\"wp-page\" data-elementor-id=\"17641\" class=\"elementor elementor-17641\">\n\t\t\t\t\t\t<section class=\"elementor-section elementor-top-section elementor-element elementor-element-75fb4090 elementor-section-boxed elementor-section-height-default elementor-section-height-default\" data-id=\"75fb4090\" data-element_type=\"section\" data-e-type=\"section\">\n\t\t\t\t\t\t<div class=\"elementor-container elementor-column-gap-default\">\n\t\t\t\t\t<div class=\"elementor-column elementor-col-100 elementor-top-column elementor-element elementor-element-9c46c25\" data-id=\"9c46c25\" data-element_type=\"column\" data-e-type=\"column\">\n\t\t\t<div class=\"elementor-widget-wrap elementor-element-populated\">\n\t\t\t\t\t\t<section class=\"elementor-section elementor-inner-section elementor-element elementor-element-721f4da elementor-section-boxed elementor-section-height-default elementor-section-height-default\" data-id=\"721f4da\" data-element_type=\"section\" data-e-type=\"section\">\n\t\t\t\t\t\t<div class=\"elementor-container elementor-column-gap-default\">\n\t\t\t\t\t<div class=\"elementor-column elementor-col-100 elementor-inner-column elementor-element elementor-element-90374f2\" data-id=\"90374f2\" data-element_type=\"column\" data-e-type=\"column\">\n\t\t\t<div class=\"elementor-widget-wrap elementor-element-populated\">\n\t\t\t\t\t\t<div class=\"elementor-element elementor-element-4754748 elementor-widget elementor-widget-text-editor\" data-id=\"4754748\" data-element_type=\"widget\" data-e-type=\"widget\" data-widget_type=\"text-editor.default\">\n\t\t\t\t<div class=\"elementor-widget-container\">\n\t\t\t\t\t\t\t\t\t<p>\u00a0<\/p><p>For \u00e5 bo p\u00e5 Sauda Hybel m\u00e5 det skrives en leie kontrakt. Dette s\u00f8knad skjema fylles ut slik at vi kan klargj\u00f8re en eventuell kontrakten med n\u00f8dvendig informasjon. Kontrakten sendes til dere i etterkant for signering.<\/p>\t\t\t\t\t\t\t\t<\/div>\n\t\t\t\t<\/div>\n\t\t\t\t\t<\/div>\n\t\t<\/div>\n\t\t\t\t\t<\/div>\n\t\t<\/section>\n\t\t\t\t<div class=\"elementor-element elementor-element-1be9357 elementor-widget elementor-widget-spacer\" data-id=\"1be9357\" data-element_type=\"widget\" data-e-type=\"widget\" data-widget_type=\"spacer.default\">\n\t\t\t\t<div class=\"elementor-widget-container\">\n\t\t\t\t\t\t\t<div class=\"elementor-spacer\">\n\t\t\t<div class=\"elementor-spacer-inner\"><\/div>\n\t\t<\/div>\n\t\t\t\t\t\t<\/div>\n\t\t\t\t<\/div>\n\t\t\t\t<div class=\"elementor-element elementor-element-5efa3f7 elementor-widget elementor-widget-heading\" data-id=\"5efa3f7\" data-element_type=\"widget\" data-e-type=\"widget\" data-widget_type=\"heading.default\">\n\t\t\t\t<div class=\"elementor-widget-container\">\n\t\t\t\t\t<h3 class=\"elementor-heading-title elementor-size-default\">FOR DEG SOM SKAL BO P\u00c5 SAUDA HYBEL.<\/h3>\t\t\t\t<\/div>\n\t\t\t\t<\/div>\n\t\t\t\t\t<\/div>\n\t\t<\/div>\n\t\t\t\t\t<\/div>\n\t\t<\/section>\n\t\t\t\t<section class=\"elementor-section elementor-top-section elementor-element elementor-element-1628ff1 elementor-section-boxed elementor-section-height-default elementor-section-height-default\" data-id=\"1628ff1\" data-element_type=\"section\" data-e-type=\"section\">\n\t\t\t\t\t\t<div class=\"elementor-container elementor-column-gap-default\">\n\t\t\t\t\t<div class=\"elementor-column elementor-col-100 elementor-top-column elementor-element elementor-element-86bd21d\" data-id=\"86bd21d\" data-element_type=\"column\" data-e-type=\"column\">\n\t\t\t<div class=\"elementor-widget-wrap elementor-element-populated\">\n\t\t\t\t\t\t<div class=\"elementor-element elementor-element-db61cb4 elementor-widget elementor-widget-formidable\" data-id=\"db61cb4\" data-element_type=\"widget\" data-e-type=\"widget\" data-widget_type=\"formidable.default\">\n\t\t\t\t<div class=\"elementor-widget-container\">\n\t\t\t\t\t<div class=\"frm_forms  with_frm_style frm_style_formidable-style\" id=\"frm_form_2_container\" data-token=\"4f31c86a4f03ffcc7db5bcc6384a5f5c\">\n<form enctype=\"multipart\/form-data\" method=\"post\" class=\"frm-show-form  frm_js_validate  frm_pro_form \" id=\"form_kontrakt\" data-token=\"4f31c86a4f03ffcc7db5bcc6384a5f5c\">\n<div class=\"frm_form_fields \">\n<fieldset>\n<legend class=\"frm_screen_reader\">S\u00f8knad skjema<\/legend>\r\n\r\n<div class=\"frm_fields_container\">\n<input type=\"hidden\" name=\"frm_action\" value=\"create\" \/>\n<input type=\"hidden\" name=\"form_id\" value=\"2\" \/>\n<input type=\"hidden\" name=\"frm_hide_fields_2\" id=\"frm_hide_fields_2\" value=\"\" \/>\n<input type=\"hidden\" name=\"form_key\" value=\"kontrakt\" \/>\n<input type=\"hidden\" name=\"item_meta[0]\" value=\"\" \/>\n<input type=\"hidden\" id=\"frm_submit_entry_2\" name=\"frm_submit_entry_2\" value=\"b7bfb7f071\" \/><input type=\"hidden\" name=\"_wp_http_referer\" value=\"\/ny\/wp-json\/wp\/v2\/pages\/17641\" \/><div id=\"frm_field_10_container\" class=\"frm_form_field frm_section_heading form-field \">\r\n<h3 class=\"frm_pos_top frm_section_spacing\"><\/h3>\r\n\r\n\r\n<div id=\"frm_field_20_container\" class=\"frm_form_field form-field  frm_required_field frm_top_container frm6 frm_first frm_half\">\r\n    <label for=\"field_zhuzt\" id=\"field_zhuzt_label\" class=\"frm_primary_label\">FORNAVN\r\n        <span class=\"frm_required\" aria-hidden=\"true\">*<\/span>\r\n    <\/label>\r\n    <input  type=\"text\" id=\"field_zhuzt\" name=\"item_meta[20]\" value=\"\"  data-sectionid=\"10\"  data-reqmsg=\"FORNAVN cannot be blank.\" aria-required=\"true\" data-invmsg=\"Tekst is invalid\" aria-invalid=\"false\"   \/>\r\n    \r\n    \r\n<\/div>\n<div id=\"frm_field_19_container\" class=\"frm_form_field form-field  frm_required_field frm_top_container frm6\">\r\n    <label for=\"field_z7hs9\" id=\"field_z7hs9_label\" class=\"frm_primary_label\">ETTERNAVN\r\n        <span class=\"frm_required\" aria-hidden=\"true\">*<\/span>\r\n    <\/label>\r\n    <input  type=\"text\" id=\"field_z7hs9\" name=\"item_meta[19]\" value=\"\"  data-reqmsg=\"ETTERNAVN cannot be blank.\" aria-required=\"true\" data-invmsg=\"Tekst is invalid\" aria-invalid=\"false\"   \/>\r\n    \r\n    \r\n<\/div>\n<div id=\"frm_field_15_container\" class=\"frm_form_field form-field  frm_required_field frm_top_container frm6 frm_first\">\r\n    <label for=\"field_9l301\" id=\"field_9l301_label\" class=\"frm_primary_label\">ADRESSE\r\n        <span class=\"frm_required\" aria-hidden=\"true\">*<\/span>\r\n    <\/label>\r\n    <input  type=\"text\" id=\"field_9l301\" name=\"item_meta[15]\" value=\"\"  data-sectionid=\"10\"  data-reqmsg=\"ADRESSE cannot be blank.\" aria-required=\"true\" data-invmsg=\"Tekst is invalid\" aria-invalid=\"false\"   \/>\r\n    \r\n    \r\n<\/div>\n<div id=\"frm_field_16_container\" class=\"frm_form_field form-field  frm_required_field frm_top_container frm6\">\r\n    <label for=\"field_li02h\" id=\"field_li02h_label\" class=\"frm_primary_label\">POSTNR OG STED\r\n        <span class=\"frm_required\" aria-hidden=\"true\">*<\/span>\r\n    <\/label>\r\n    <input  type=\"text\" id=\"field_li02h\" name=\"item_meta[16]\" value=\"\"  data-reqmsg=\"POSTNR OG STED cannot be blank.\" aria-required=\"true\" data-invmsg=\"Tekst is invalid\" aria-invalid=\"false\"   \/>\r\n    \r\n    \r\n<\/div>\n<div id=\"frm_field_17_container\" class=\"frm_form_field form-field  frm_required_field frm_top_container frm6 frm_first\">\r\n    <label for=\"field_axql6\" id=\"field_axql6_label\" class=\"frm_primary_label\">TELEFON\r\n        <span class=\"frm_required\" aria-hidden=\"true\">*<\/span>\r\n    <\/label>\r\n    <input  type=\"text\" id=\"field_axql6\" name=\"item_meta[17]\" value=\"\"  data-sectionid=\"10\"  data-reqmsg=\"TELEFON cannot be blank.\" aria-required=\"true\" data-invmsg=\"Tekst is invalid\" aria-invalid=\"false\"   \/>\r\n    \r\n    \r\n<\/div>\n<div id=\"frm_field_18_container\" class=\"frm_form_field form-field  frm_required_field frm_top_container frm6\">\r\n    <label for=\"field_kced4\" id=\"field_kced4_label\" class=\"frm_primary_label\">E-POST\r\n        <span class=\"frm_required\" aria-hidden=\"true\">*<\/span>\r\n    <\/label>\r\n    <input  type=\"text\" id=\"field_kced4\" name=\"item_meta[18]\" value=\"\"  data-reqmsg=\"E-POST cannot be blank.\" aria-required=\"true\" data-invmsg=\"Tekst is invalid\" aria-invalid=\"false\"   \/>\r\n    \r\n    \r\n<\/div>\n<\/div>\n<div id=\"frm_field_21_container\" class=\"frm_form_field frm_section_heading form-field  frm12 frm_first\">\r\n<h3 class=\"frm_pos_top frm_section_spacing\"><\/h3>\r\n\r\n\r\n<div id=\"frm_field_25_container\" class=\"frm_form_field form-field  frm_required_field frm_top_container\">\r\n    <label for=\"field_y5jdi\" id=\"field_y5jdi_label\" class=\"frm_primary_label\">F\u00d8DSELSDATO\r\n        <span class=\"frm_required\" aria-hidden=\"true\">*<\/span>\r\n    <\/label>\r\n    <input  type=\"text\" id=\"field_y5jdi\" name=\"item_meta[25]\" value=\"\"  data-sectionid=\"21\"  placeholder=\"feks. 20.02.2004\" data-reqmsg=\"F\u00d8DSELSDATO cannot be blank.\" aria-required=\"true\" data-invmsg=\"Tekst is invalid\" aria-invalid=\"false\"   \/>\r\n    \r\n    \r\n<\/div>\n<div id=\"frm_field_23_container\" class=\"frm_form_field form-field  frm_required_field frm_top_container frm12  frm6 frm_first\">\r\n    <label for=\"field_k8oig\" id=\"field_k8oig_label\" class=\"frm_primary_label\">LEIE HYBEL FRA\r\n        <span class=\"frm_required\" aria-hidden=\"true\">*<\/span>\r\n    <\/label>\r\n    <input type=\"text\" id=\"field_k8oig\" name=\"item_meta[23]\" value=\"\"  data-sectionid=\"21\"  maxlength=\"10\" data-reqmsg=\"Dette feltet er p\u00e5krevd.\" aria-required=\"true\" data-invmsg=\"Feil datoformat\" class=\"frm_date\" aria-invalid=\"false\"  \/>\r\n    \r\n    \r\n<\/div>\n<div id=\"frm_field_24_container\" class=\"frm_form_field form-field  frm_required_field frm_top_container frm6\">\r\n    <label for=\"field_xk27b\" id=\"field_xk27b_label\" class=\"frm_primary_label\">LEIE HYBEL TIL\r\n        <span class=\"frm_required\" aria-hidden=\"true\">*<\/span>\r\n    <\/label>\r\n    <input type=\"text\" id=\"field_xk27b\" name=\"item_meta[24]\" value=\"\"  maxlength=\"10\" data-reqmsg=\"LEIE HYBEL TIL cannot be blank.\" aria-required=\"true\" data-invmsg=\"Dato is invalid\" class=\"frm_date\" aria-invalid=\"false\"  \/>\r\n    \r\n    \r\n<\/div>\n<\/div>\n<div id=\"frm_field_26_container\" class=\"frm_form_field frm_section_heading form-field \">\r\n<h3 class=\"frm_pos_top frm_section_spacing\"><\/h3>\r\n\r\n\r\n<div id=\"frm_field_48_container\" class=\"frm_form_field form-field  frm_required_field frm_top_container frm4 frm_first vertical_radio frm_other_container\">\r\n\t<div  id=\"field_85k2p_label\" class=\"frm_primary_label\">Kj\u00f8nn\r\n\t\t<span class=\"frm_required\" aria-hidden=\"true\">*<\/span>\r\n\t<\/div>\r\n\t<div class=\"frm_opt_container\" aria-labelledby=\"field_85k2p_label\" role=\"radiogroup\" aria-required=\"true\">\t\t<div class=\"frm_radio\" id=\"frm_radio_48-26-0\">\t\t\t<label  for=\"field_85k2p-0\">\n\t\t\t\t\t<input type=\"radio\" name=\"item_meta[48]\" id=\"field_85k2p-0\" value=\"Jente\"\n\t\t data-sectionid=\"26\"  data-reqmsg=\"Kj\u00f8nn cannot be blank.\" data-invmsg=\"Kj\u00f8nn is invalid\"   \/> Jente<\/label><\/div>\n\t\t<div class=\"frm_radio\" id=\"frm_radio_48-26-1\">\t\t\t<label  for=\"field_85k2p-1\">\n\t\t\t\t\t<input type=\"radio\" name=\"item_meta[48]\" id=\"field_85k2p-1\" value=\"Gutt\"\n\t\t data-sectionid=\"26\"  data-reqmsg=\"Kj\u00f8nn cannot be blank.\" data-invmsg=\"Kj\u00f8nn is invalid\"   \/> Gutt<\/label><\/div>\n\t\t<div class=\"frm_radio\" id=\"frm_radio_48-26-other_2\">\t\t\t<label  for=\"field_85k2p-other_2\">\n\t\t\t\t\t<input type=\"radio\" name=\"item_meta[48]\" id=\"field_85k2p-other_2\" value=\"Annen\"\n\t\t data-sectionid=\"26\"  data-reqmsg=\"Kj\u00f8nn cannot be blank.\" data-invmsg=\"Kj\u00f8nn is invalid\"   \/> Annen<\/label><label for=\"field_85k2p-other_2-otext\" class=\"frm_screen_reader frm_hidden\">Annen<\/label><input type=\"text\" id=\"field_85k2p-other_2-otext\" class=\"frm_other_input frm_pos_none\"  name=\"item_meta[other][48]\" value=\"\" \/><\/div>\n<\/div>\r\n\t\r\n\t\r\n<\/div>\n<div id=\"frm_field_28_container\" class=\"frm_form_field form-field  frm_required_field frm_top_container frm6  frm4 horizontal_radio\">\r\n    <div  id=\"field_lkj8j_label\" class=\"frm_primary_label\">JEG ER OVER 18 \u00c5R\r\n        <span class=\"frm_required\" aria-hidden=\"true\">*<\/span>\r\n    <\/div>\r\n    <div class=\"frm_opt_container\" aria-labelledby=\"field_lkj8j_label\" role=\"group\">\t\t<div class=\"frm_checkbox\" id=\"frm_checkbox_28-26-0\">\t\t\t<label  for=\"field_lkj8j-0\">\n\t\t\t<input type=\"checkbox\" name=\"item_meta[28][]\" id=\"field_lkj8j-0\" value=\"Ja\"  data-sectionid=\"26\"  data-frmlimit=\"2\"  data-reqmsg=\"JEG ER OVER 18 \u00c5R cannot be blank.\" data-invmsg=\"JEG ER OVER 18 \u00c5R is invalid\"   aria-required=\"true\"  \/> Ja<\/label><\/div>\n\t\t<div class=\"frm_checkbox\" id=\"frm_checkbox_28-26-1\">\t\t\t<label  for=\"field_lkj8j-1\">\n\t\t\t<input type=\"checkbox\" name=\"item_meta[28][]\" id=\"field_lkj8j-1\" value=\"Nei\"  data-sectionid=\"26\"  data-frmlimit=\"2\"  data-reqmsg=\"JEG ER OVER 18 \u00c5R cannot be blank.\" data-invmsg=\"JEG ER OVER 18 \u00c5R is invalid\"   \/> Nei<\/label><\/div>\n<\/div>\r\n    \r\n    \r\n<\/div>\n<div id=\"frm_field_29_container\" class=\"frm_form_field form-field  frm_required_field frm_top_container frm6 frm6 frm4\">\r\n    <label for=\"field_fskxu\" id=\"field_fskxu_label\" class=\"frm_primary_label\">\u00d8NSKET HYBEL\r\n        <span class=\"frm_required\" aria-hidden=\"true\">*<\/span>\r\n    <\/label>\r\n    \t\t<select name=\"item_meta[29]\" id=\"field_fskxu\"  data-sectionid=\"26\"  data-reqmsg=\"\u00d8NSKET HYBEL cannot be blank.\" aria-required=\"true\" data-invmsg=\"\u00d8NSKET HYBEL is invalid\" aria-invalid=\"false\"  >\n\t\t<option  value=\"- VELG -\">- VELG -<\/option><option  value=\"Nr 1 - U etg H\u00f8yre (C)\">Nr 1 - U etg H\u00f8yre (C)<\/option><option  value=\"Nr 2 - U etg H\u00f8yre (B)\">Nr 2 - U etg H\u00f8yre (B)<\/option><option  value=\"Nr 3 - U etg H\u00f8yre (A)\">Nr 3 - U etg H\u00f8yre (A)<\/option><option  value=\"Nr 4 - 1 etg H\u00f8yre (A)\">Nr 4 - 1 etg H\u00f8yre (A)<\/option><option  value=\"Nr 5 - 1 etg H\u00f8yre (B)\">Nr 5 - 1 etg H\u00f8yre (B)<\/option><option  value=\"Nr 6 - 1 etg H\u00f8yre (C)\">Nr 6 - 1 etg H\u00f8yre (C)<\/option><option  value=\"Nr 7 - 1 etg Venstre (A)\">Nr 7 - 1 etg Venstre (A)<\/option><option  value=\"Nr 8 - 1 etg Venstre (B)\">Nr 8 - 1 etg Venstre (B)<\/option><option  value=\"Nr 9 - 2 etg H\u00f8yre (A)\">Nr 9 - 2 etg H\u00f8yre (A)<\/option><option  value=\"Nr 10 - 2 etg H\u00f8yre (B)\">Nr 10 - 2 etg H\u00f8yre (B)<\/option><option  value=\"Nr 11 - 2 etg H\u00f8yre (C)\">Nr 11 - 2 etg H\u00f8yre (C)<\/option><option  value=\"Nr 12 - 2 etg Venstre (A)\">Nr 12 - 2 etg Venstre (A)<\/option><option  value=\"Nr 13 - 2 etg Venstre (B)\">Nr 13 - 2 etg Venstre (B)<\/option><option  value=\"Nr 14 - 2 etg Venstre (C)\">Nr 14 - 2 etg Venstre (C)<\/option><option  value=\"Nr 15 - 3 etg H\u00f8yre (A)\">Nr 15 - 3 etg H\u00f8yre (A)<\/option><option  value=\"Nr 16 - 3 etg H\u00f8yre (B)\">Nr 16 - 3 etg H\u00f8yre (B)<\/option><option  value=\"Nr 17 - 3 etg Venstre (A)\">Nr 17 - 3 etg Venstre (A)<\/option><option  value=\"Nr 18 - 3 etg Venstre (B)\">Nr 18 - 3 etg Venstre (B)<\/option>\t<\/select>\n\t\r\n    \r\n    \r\n<\/div>\n<\/div>\n<div id=\"frm_field_30_container\" class=\"frm_form_field frm_section_heading form-field  frm12 frm_first\">\r\n<h3 class=\"frm_pos_top frm_section_spacing\"><\/h3>\r\n\r\n\r\n<div id=\"frm_field_32_container\" class=\"frm_form_field form-field  frm_required_field frm_top_container frm6 frm_first\">\r\n    <label for=\"field_llqml\" id=\"field_llqml_label\" class=\"frm_primary_label\">NAVN P\u00c5 SKOLE\r\n        <span class=\"frm_required\" aria-hidden=\"true\">*<\/span>\r\n    <\/label>\r\n    <input  type=\"text\" id=\"field_llqml\" name=\"item_meta[32]\" value=\"\"  data-sectionid=\"30\"  data-reqmsg=\"NAVN P\u00c5 SKOLE cannot be blank.\" aria-required=\"true\" data-invmsg=\"Tekst is invalid\" aria-invalid=\"false\"   \/>\r\n    \r\n    \r\n<\/div>\n<div id=\"frm_field_33_container\" class=\"frm_form_field form-field  frm_required_field frm_top_container frm6\">\r\n    <label for=\"field_6bxsn\" id=\"field_6bxsn_label\" class=\"frm_primary_label\">LINJE\r\n        <span class=\"frm_required\" aria-hidden=\"true\">*<\/span>\r\n    <\/label>\r\n    <input  type=\"text\" id=\"field_6bxsn\" name=\"item_meta[33]\" value=\"\"  data-reqmsg=\"LINJE cannot be blank.\" aria-required=\"true\" data-invmsg=\"Tekst is invalid\" aria-invalid=\"false\"   \/>\r\n    \r\n    \r\n<\/div>\n<\/div>\n<div id=\"frm_field_34_container\" class=\"frm_form_field frm_section_heading form-field \">\r\n<h3 class=\"frm_pos_top frm_section_spacing\">GARANTIST - MEDANSVARLIG<\/h3>\r\n\r\n\r\n<div id=\"frm_field_36_container\" class=\"frm_form_field form-field  frm_required_field frm_top_container frm6 frm_first\">\r\n    <label for=\"field_dm8fw\" id=\"field_dm8fw_label\" class=\"frm_primary_label\">NAVN\r\n        <span class=\"frm_required\" aria-hidden=\"true\">*<\/span>\r\n    <\/label>\r\n    <input  type=\"text\" id=\"field_dm8fw\" name=\"item_meta[36]\" value=\"\"  data-sectionid=\"34\"  data-reqmsg=\"NAVN cannot be blank.\" aria-required=\"true\" data-invmsg=\"Tekst is invalid\" aria-invalid=\"false\"   \/>\r\n    \r\n    \r\n<\/div>\n<div id=\"frm_field_37_container\" class=\"frm_form_field form-field  frm_required_field frm_top_container frm6\">\r\n    <label for=\"field_zwas7\" id=\"field_zwas7_label\" class=\"frm_primary_label\">ETTERNAVN\r\n        <span class=\"frm_required\" aria-hidden=\"true\">*<\/span>\r\n    <\/label>\r\n    <input  type=\"text\" id=\"field_zwas7\" name=\"item_meta[37]\" value=\"\"  data-reqmsg=\"ETTERNAVN cannot be blank.\" aria-required=\"true\" data-invmsg=\"Tekst is invalid\" aria-invalid=\"false\"   \/>\r\n    \r\n    \r\n<\/div>\n<div id=\"frm_field_38_container\" class=\"frm_form_field form-field  frm_required_field frm_top_container frm6 frm_first\">\r\n    <label for=\"field_2zj7y\" id=\"field_2zj7y_label\" class=\"frm_primary_label\">ADRESSE\r\n        <span class=\"frm_required\" aria-hidden=\"true\">*<\/span>\r\n    <\/label>\r\n    <input  type=\"text\" id=\"field_2zj7y\" name=\"item_meta[38]\" value=\"\"  data-sectionid=\"34\"  data-reqmsg=\"ADRESSE cannot be blank.\" aria-required=\"true\" data-invmsg=\"Tekst is invalid\" aria-invalid=\"false\"   \/>\r\n    \r\n    \r\n<\/div>\n<div id=\"frm_field_39_container\" class=\"frm_form_field form-field  frm_required_field frm_top_container frm6\">\r\n    <label for=\"field_sgjpp\" id=\"field_sgjpp_label\" class=\"frm_primary_label\">POSTNR. OG STED\r\n        <span class=\"frm_required\" aria-hidden=\"true\">*<\/span>\r\n    <\/label>\r\n    <input  type=\"text\" id=\"field_sgjpp\" name=\"item_meta[39]\" value=\"\"  data-reqmsg=\"POSTNR. OG STED cannot be blank.\" aria-required=\"true\" data-invmsg=\"Tekst is invalid\" aria-invalid=\"false\"   \/>\r\n    \r\n    \r\n<\/div>\n<div id=\"frm_field_40_container\" class=\"frm_form_field form-field  frm_required_field frm_top_container frm6 frm_first\">\r\n    <label for=\"field_pvh0d\" id=\"field_pvh0d_label\" class=\"frm_primary_label\">E-POST\r\n        <span class=\"frm_required\" aria-hidden=\"true\">*<\/span>\r\n    <\/label>\r\n    <input  type=\"text\" id=\"field_pvh0d\" name=\"item_meta[40]\" value=\"\"  data-sectionid=\"34\"  data-reqmsg=\"E-POST cannot be blank.\" aria-required=\"true\" data-invmsg=\"Tekst is invalid\" aria-invalid=\"false\"   \/>\r\n    \r\n    \r\n<\/div>\n<div id=\"frm_field_41_container\" class=\"frm_form_field form-field  frm_required_field frm_top_container frm6\">\r\n    <label for=\"field_96xwq\" id=\"field_96xwq_label\" class=\"frm_primary_label\">TELEFON\r\n        <span class=\"frm_required\" aria-hidden=\"true\">*<\/span>\r\n    <\/label>\r\n    <input  type=\"text\" id=\"field_96xwq\" name=\"item_meta[41]\" value=\"\"  data-reqmsg=\"TELEFON cannot be blank.\" aria-required=\"true\" data-invmsg=\"Tekst is invalid\" aria-invalid=\"false\"   \/>\r\n    \r\n    \r\n<\/div>\n<div id=\"frm_field_42_container\" class=\"frm_form_field form-field  frm_top_container\">\r\n    <label for=\"field_q3ein\" id=\"field_q3ein_label\" class=\"frm_primary_label\">ANNEN INFO\r\n        <span class=\"frm_required\" aria-hidden=\"true\"><\/span>\r\n    <\/label>\r\n    <textarea name=\"item_meta[42]\" id=\"field_q3ein\" rows=\"5\"  data-sectionid=\"34\"  data-invmsg=\"ANNEN INFO is invalid\" aria-invalid=\"false\"  ><\/textarea>\r\n    \r\n    \r\n<\/div>\n<div id=\"frm_field_43_container\" class=\"frm_form_field form-field  frm_required_field frm_top_container vertical_radio\">\r\n    <div  id=\"field_n99ht_label\" class=\"frm_primary_label\">\r\n        <span class=\"frm_required\" aria-hidden=\"true\">*<\/span>\r\n    <\/div>\r\n    <div class=\"frm_opt_container\" aria-labelledby=\"field_n99ht_label\" role=\"group\">\t\t<div class=\"frm_checkbox\" id=\"frm_checkbox_43-34-0\">\t\t\t<label  for=\"field_n99ht-0\">\n\t\t\t<input type=\"checkbox\" name=\"item_meta[43][]\" id=\"field_n99ht-0\" value=\"Vi erkl\u00e6rer at informasjonen gitt i dette skjema er korrekt!\"  data-sectionid=\"34\"  data-reqmsg=\"This field cannot be blank.\" data-invmsg=\"This field is invalid\"   aria-required=\"true\"  \/> Vi erkl\u00e6rer at informasjonen gitt i dette skjema er korrekt!<\/label><\/div>\n<\/div>\r\n    \r\n    \r\n<\/div>\n<\/div>\n<div id=\"frm_field_44_container\" class=\"frm_form_field form-field \">\r\n\t<div class=\"frm_submit\">\r\n\r\n<button class=\"frm_button_submit frm_final_submit\" type=\"submit\"  >Send s\u00f8knad<\/button>\r\n\r\n\r\n<\/div>\r\n<\/div>\n\t<input type=\"hidden\" name=\"item_key\" value=\"\" \/>\n\t\t\t<div id=\"frm_field_94_container\">\n\t\t\t<label for=\"field_4kcmj\" >\n\t\t\t\tIf you are human, leave this field blank.\t\t\t<\/label>\n\t\t\t<input  id=\"field_4kcmj\" type=\"text\" class=\"frm_form_field form-field frm_verify\" name=\"item_meta[94]\" value=\"\"  \/>\n\t\t<\/div>\n\t\t<input name=\"frm_state\" type=\"hidden\" value=\"R\/21eQIGw6pbP8TRpPIOlSzZMN9K+dbDeOggCF1XPqgsWp\/1KtQtW1hWy72HV8Mo\" \/><\/div>\n<\/fieldset>\n<\/div>\n\n<\/form>\n<\/div>\n\t\t\t\t<\/div>\n\t\t\t\t<\/div>\n\t\t\t\t\t<\/div>\n\t\t<\/div>\n\t\t\t\t\t<\/div>\n\t\t<\/section>\n\t\t\t\t<section class=\"elementor-section elementor-top-section elementor-element elementor-element-25055ce elementor-section-boxed elementor-section-height-default elementor-section-height-default\" data-id=\"25055ce\" data-element_type=\"section\" data-e-type=\"section\" data-settings=\"{&quot;shape_divider_bottom&quot;:&quot;waves&quot;}\">\n\t\t\t\t\t<div class=\"elementor-shape elementor-shape-bottom\" aria-hidden=\"true\" data-negative=\"false\">\n\t\t\t<svg xmlns=\"http:\/\/www.w3.org\/2000\/svg\" viewBox=\"0 0 1000 100\" preserveAspectRatio=\"none\">\n\t<path class=\"elementor-shape-fill\" d=\"M421.9,6.5c22.6-2.5,51.5,0.4,75.5,5.3c23.6,4.9,70.9,23.5,100.5,35.7c75.8,32.2,133.7,44.5,192.6,49.7\n\tc23.6,2.1,48.7,3.5,103.4-2.5c54.7-6,106.2-25.6,106.2-25.6V0H0v30.3c0,0,72,32.6,158.4,30.5c39.2-0.7,92.8-6.7,134-22.4\n\tc21.2-8.1,52.2-18.2,79.7-24.2C399.3,7.9,411.6,7.5,421.9,6.5z\"\/>\n<\/svg>\t\t<\/div>\n\t\t\t\t\t<div class=\"elementor-container elementor-column-gap-default\">\n\t\t\t\t\t<div class=\"elementor-column elementor-col-100 elementor-top-column elementor-element elementor-element-ed6cee5\" data-id=\"ed6cee5\" data-element_type=\"column\" data-e-type=\"column\">\n\t\t\t<div class=\"elementor-widget-wrap\">\n\t\t\t\t\t\t\t<\/div>\n\t\t<\/div>\n\t\t\t\t\t<\/div>\n\t\t<\/section>\n\t\t\t\t<\/div>\n\t\t","protected":false},"excerpt":{"rendered":"<p>\u00a0 For \u00e5 bo p\u00e5 Sauda Hybel m\u00e5 det skrives en leie kontrakt. Dette s\u00f8knad skjema fylles ut slik at vi kan klargj\u00f8re en eventuell kontrakten med n\u00f8dvendig informasjon. Kontrakten sendes til dere i etterkant for signering. FOR DEG SOM SKAL BO P\u00c5 SAUDA HYBEL. S\u00f8knad skjema FORNAVN * ETTERNAVN * ADRESSE * POSTNR OG [&hellip;]<\/p>\n","protected":false},"author":1,"featured_media":0,"parent":0,"menu_order":0,"comment_status":"closed","ping_status":"closed","template":"elementor_header_footer","meta":{"footnotes":""},"class_list":["post-17641","page","type-page","status-publish","hentry"],"_links":{"self":[{"href":"https:\/\/www.sauda-hybel.no\/ny\/wp-json\/wp\/v2\/pages\/17641","targetHints":{"allow":["GET"]}}],"collection":[{"href":"https:\/\/www.sauda-hybel.no\/ny\/wp-json\/wp\/v2\/pages"}],"about":[{"href":"https:\/\/www.sauda-hybel.no\/ny\/wp-json\/wp\/v2\/types\/page"}],"author":[{"embeddable":true,"href":"https:\/\/www.sauda-hybel.no\/ny\/wp-json\/wp\/v2\/users\/1"}],"replies":[{"embeddable":true,"href":"https:\/\/www.sauda-hybel.no\/ny\/wp-json\/wp\/v2\/comments?post=17641"}],"version-history":[{"count":0,"href":"https:\/\/www.sauda-hybel.no\/ny\/wp-json\/wp\/v2\/pages\/17641\/revisions"}],"wp:attachment":[{"href":"https:\/\/www.sauda-hybel.no\/ny\/wp-json\/wp\/v2\/media?parent=17641"}],"curies":[{"name":"wp","href":"https:\/\/api.w.org\/{rel}","templated":true}]}}