{"id":17776,"date":"2023-01-06T22:40:17","date_gmt":"2023-01-06T22:40:17","guid":{"rendered":"https:\/\/www.sauda-hybel.no\/ny\/?page_id=17776"},"modified":"2023-12-03T22:32:38","modified_gmt":"2023-12-03T20:32:38","slug":"aktiviteter","status":"publish","type":"page","link":"https:\/\/www.sauda-hybel.no\/ny\/aktiviteter\/","title":{"rendered":"Aktiviteter"},"content":{"rendered":"\t\t<div data-elementor-type=\"wp-page\" data-elementor-id=\"17776\" class=\"elementor elementor-17776\">\n\t\t\t\t\t\t<section class=\"elementor-section elementor-top-section elementor-element elementor-element-aad2316 elementor-section-boxed elementor-section-height-default elementor-section-height-default\" data-id=\"aad2316\" data-element_type=\"section\" data-e-type=\"section\">\n\t\t\t\t\t\t<div class=\"elementor-container elementor-column-gap-default\">\n\t\t\t\t\t<div class=\"elementor-column elementor-col-100 elementor-top-column elementor-element elementor-element-fa112bb\" data-id=\"fa112bb\" data-element_type=\"column\" data-e-type=\"column\">\n\t\t\t<div class=\"elementor-widget-wrap elementor-element-populated\">\n\t\t\t\t\t\t<div class=\"elementor-element elementor-element-53eaf09 elementor-widget elementor-widget-spacer\" data-id=\"53eaf09\" data-element_type=\"widget\" data-e-type=\"widget\" data-widget_type=\"spacer.default\">\n\t\t\t\t<div class=\"elementor-widget-container\">\n\t\t\t\t\t\t\t<div class=\"elementor-spacer\">\n\t\t\t<div class=\"elementor-spacer-inner\"><\/div>\n\t\t<\/div>\n\t\t\t\t\t\t<\/div>\n\t\t\t\t<\/div>\n\t\t\t\t<div class=\"elementor-element elementor-element-b21a80c elementor-widget-divider--view-line elementor-widget elementor-widget-divider\" data-id=\"b21a80c\" data-element_type=\"widget\" data-e-type=\"widget\" data-widget_type=\"divider.default\">\n\t\t\t\t<div class=\"elementor-widget-container\">\n\t\t\t\t\t\t\t<div class=\"elementor-divider\">\n\t\t\t<span class=\"elementor-divider-separator\">\n\t\t\t\t\t\t<\/span>\n\t\t<\/div>\n\t\t\t\t\t\t<\/div>\n\t\t\t\t<\/div>\n\t\t\t\t<div class=\"elementor-element elementor-element-56e2958 elementor-widget elementor-widget-spacer\" data-id=\"56e2958\" data-element_type=\"widget\" data-e-type=\"widget\" data-widget_type=\"spacer.default\">\n\t\t\t\t<div class=\"elementor-widget-container\">\n\t\t\t\t\t\t\t<div class=\"elementor-spacer\">\n\t\t\t<div class=\"elementor-spacer-inner\"><\/div>\n\t\t<\/div>\n\t\t\t\t\t\t<\/div>\n\t\t\t\t<\/div>\n\t\t\t\t\t<\/div>\n\t\t<\/div>\n\t\t\t\t\t<\/div>\n\t\t<\/section>\n\t\t\t\t<section class=\"elementor-section elementor-top-section elementor-element elementor-element-11ceab1 elementor-section-boxed elementor-section-height-default elementor-section-height-default\" data-id=\"11ceab1\" data-element_type=\"section\" data-e-type=\"section\">\n\t\t\t\t\t\t<div class=\"elementor-container elementor-column-gap-default\">\n\t\t\t\t\t<div class=\"elementor-column elementor-col-50 elementor-top-column elementor-element elementor-element-4fc0489\" data-id=\"4fc0489\" data-element_type=\"column\" data-e-type=\"column\">\n\t\t\t<div class=\"elementor-widget-wrap elementor-element-populated\">\n\t\t\t\t\t\t<div class=\"elementor-element elementor-element-8eec514 elementor-position-top elementor-widget elementor-widget-image-box\" data-id=\"8eec514\" data-element_type=\"widget\" data-e-type=\"widget\" data-widget_type=\"image-box.default\">\n\t\t\t\t<div class=\"elementor-widget-container\">\n\t\t\t\t\t<div class=\"elementor-image-box-wrapper\"><figure class=\"elementor-image-box-img\"><a href=\"https:\/\/www.sauda-hybel.no\/ny\/sauda-skisenter\/\" tabindex=\"-1\"><img fetchpriority=\"high\" decoding=\"async\" width=\"555\" height=\"370\" src=\"https:\/\/www.sauda-hybel.no\/ny\/wp-content\/uploads\/2023\/01\/skiblog_medium.jpg\" class=\"elementor-animation-grow-rotate attachment-full size-full wp-image-17778\" alt=\"\" srcset=\"https:\/\/www.sauda-hybel.no\/ny\/wp-content\/uploads\/2023\/01\/skiblog_medium.jpg 555w, https:\/\/www.sauda-hybel.no\/ny\/wp-content\/uploads\/2023\/01\/skiblog_medium-300x200.jpg 300w, https:\/\/www.sauda-hybel.no\/ny\/wp-content\/uploads\/2023\/01\/skiblog_medium-496x331.jpg 496w\" sizes=\"(max-width: 555px) 100vw, 555px\" \/><\/a><\/figure><div class=\"elementor-image-box-content\"><h3 class=\"elementor-image-box-title\"><a href=\"https:\/\/www.sauda-hybel.no\/ny\/sauda-skisenter\/\">Sauda Skisenter<\/a><\/h3><p class=\"elementor-image-box-description\">Automatisert sn\u00f8anlegg. Kafe med varmmat, skiutstilling med 600 par ski! Skiutleige  med skiverksted og Fjellbutikk og vi har egen afterskibar.<\/p><\/div><\/div>\t\t\t\t<\/div>\n\t\t\t\t<\/div>\n\t\t\t\t\t<\/div>\n\t\t<\/div>\n\t\t\t\t<div class=\"elementor-column elementor-col-50 elementor-top-column elementor-element elementor-element-c8fd26d\" data-id=\"c8fd26d\" data-element_type=\"column\" data-e-type=\"column\">\n\t\t\t<div class=\"elementor-widget-wrap elementor-element-populated\">\n\t\t\t\t\t\t<div class=\"elementor-element elementor-element-23154e4 elementor-position-top elementor-widget elementor-widget-image-box\" data-id=\"23154e4\" data-element_type=\"widget\" data-e-type=\"widget\" data-widget_type=\"image-box.default\">\n\t\t\t\t<div class=\"elementor-widget-container\">\n\t\t\t\t\t<div class=\"elementor-image-box-wrapper\"><figure class=\"elementor-image-box-img\"><a href=\"https:\/\/www.sauda-hybel.no\/ny\/saudahallen\/\" tabindex=\"-1\"><img decoding=\"async\" width=\"555\" height=\"370\" src=\"https:\/\/www.sauda-hybel.no\/ny\/wp-content\/uploads\/2023\/01\/Utebasseng_blog_medium.jpg\" class=\"elementor-animation-grow-rotate attachment-full size-full wp-image-17786\" alt=\"\" srcset=\"https:\/\/www.sauda-hybel.no\/ny\/wp-content\/uploads\/2023\/01\/Utebasseng_blog_medium.jpg 555w, https:\/\/www.sauda-hybel.no\/ny\/wp-content\/uploads\/2023\/01\/Utebasseng_blog_medium-300x200.jpg 300w, https:\/\/www.sauda-hybel.no\/ny\/wp-content\/uploads\/2023\/01\/Utebasseng_blog_medium-496x331.jpg 496w\" sizes=\"(max-width: 555px) 100vw, 555px\" \/><\/a><\/figure><div class=\"elementor-image-box-content\"><h3 class=\"elementor-image-box-title\"><a href=\"https:\/\/www.sauda-hybel.no\/ny\/saudahallen\/\">Saudahallen<\/a><\/h3><p class=\"elementor-image-box-description\">I tillegg til b\u00e5de sv\u00f8mmebasseng og barnebasseng innend\u00f8rs i Saudahallen, kan Utebassenget i Sauda kan brukes \u00e5ret rundt.<\/p><\/div><\/div>\t\t\t\t<\/div>\n\t\t\t\t<\/div>\n\t\t\t\t\t<\/div>\n\t\t<\/div>\n\t\t\t\t\t<\/div>\n\t\t<\/section>\n\t\t\t\t<section class=\"elementor-section elementor-top-section elementor-element elementor-element-26055e3 elementor-section-boxed elementor-section-height-default elementor-section-height-default\" data-id=\"26055e3\" data-element_type=\"section\" data-e-type=\"section\">\n\t\t\t\t\t\t<div class=\"elementor-container elementor-column-gap-default\">\n\t\t\t\t\t<div class=\"elementor-column elementor-col-100 elementor-top-column elementor-element elementor-element-239f092\" data-id=\"239f092\" data-element_type=\"column\" data-e-type=\"column\">\n\t\t\t<div class=\"elementor-widget-wrap elementor-element-populated\">\n\t\t\t\t\t\t<div class=\"elementor-element elementor-element-c312f3d elementor-widget elementor-widget-spacer\" data-id=\"c312f3d\" data-element_type=\"widget\" data-e-type=\"widget\" data-widget_type=\"spacer.default\">\n\t\t\t\t<div class=\"elementor-widget-container\">\n\t\t\t\t\t\t\t<div class=\"elementor-spacer\">\n\t\t\t<div class=\"elementor-spacer-inner\"><\/div>\n\t\t<\/div>\n\t\t\t\t\t\t<\/div>\n\t\t\t\t<\/div>\n\t\t\t\t\t<\/div>\n\t\t<\/div>\n\t\t\t\t\t<\/div>\n\t\t<\/section>\n\t\t\t\t<section class=\"elementor-section elementor-top-section elementor-element elementor-element-d9265c0 elementor-section-boxed elementor-section-height-default elementor-section-height-default\" data-id=\"d9265c0\" data-element_type=\"section\" data-e-type=\"section\">\n\t\t\t\t\t\t<div class=\"elementor-container elementor-column-gap-default\">\n\t\t\t\t\t<div class=\"elementor-column elementor-col-33 elementor-top-column elementor-element elementor-element-15b6d81\" data-id=\"15b6d81\" data-element_type=\"column\" data-e-type=\"column\">\n\t\t\t<div class=\"elementor-widget-wrap elementor-element-populated\">\n\t\t\t\t\t\t<div class=\"elementor-element elementor-element-45b59ae elementor-position-top elementor-widget elementor-widget-image-box\" data-id=\"45b59ae\" data-element_type=\"widget\" data-e-type=\"widget\" data-widget_type=\"image-box.default\">\n\t\t\t\t<div class=\"elementor-widget-container\">\n\t\t\t\t\t<div class=\"elementor-image-box-wrapper\"><figure class=\"elementor-image-box-img\"><a href=\"https:\/\/www.sauda-hybel.no\/ny\/fr-treningssenter\/\" tabindex=\"-1\"><img decoding=\"async\" width=\"360\" height=\"240\" src=\"https:\/\/www.sauda-hybel.no\/ny\/wp-content\/uploads\/2023\/01\/Trening_blog_small.jpg\" class=\"elementor-animation-grow-rotate attachment-full size-full wp-image-17793\" alt=\"\" srcset=\"https:\/\/www.sauda-hybel.no\/ny\/wp-content\/uploads\/2023\/01\/Trening_blog_small.jpg 360w, https:\/\/www.sauda-hybel.no\/ny\/wp-content\/uploads\/2023\/01\/Trening_blog_small-300x200.jpg 300w\" sizes=\"(max-width: 360px) 100vw, 360px\" \/><\/a><\/figure><div class=\"elementor-image-box-content\"><h3 class=\"elementor-image-box-title\"><a href=\"https:\/\/www.sauda-hybel.no\/ny\/fr-treningssenter\/\">Frisk og Rask<\/a><\/h3><p class=\"elementor-image-box-description\">Vi er her for alle Saudabuer, hyttefolk og studenter i Sauda m.m.<\/p><\/div><\/div>\t\t\t\t<\/div>\n\t\t\t\t<\/div>\n\t\t\t\t\t<\/div>\n\t\t<\/div>\n\t\t\t\t<div class=\"elementor-column elementor-col-33 elementor-top-column elementor-element elementor-element-fb9c173\" data-id=\"fb9c173\" data-element_type=\"column\" data-e-type=\"column\">\n\t\t\t<div class=\"elementor-widget-wrap elementor-element-populated\">\n\t\t\t\t\t\t<div class=\"elementor-element elementor-element-4b20ed9 elementor-position-top elementor-widget elementor-widget-image-box\" data-id=\"4b20ed9\" data-element_type=\"widget\" data-e-type=\"widget\" data-widget_type=\"image-box.default\">\n\t\t\t\t<div class=\"elementor-widget-container\">\n\t\t\t\t\t<div class=\"elementor-image-box-wrapper\"><figure class=\"elementor-image-box-img\"><a href=\"https:\/\/www.sauda-hybel.no\/ny\/sauda-kino\/\" tabindex=\"-1\"><img loading=\"lazy\" decoding=\"async\" width=\"360\" height=\"240\" src=\"https:\/\/www.sauda-hybel.no\/ny\/wp-content\/uploads\/2023\/01\/kino_blog02_small.jpg\" class=\"elementor-animation-grow-rotate attachment-full size-full wp-image-17792\" alt=\"\" srcset=\"https:\/\/www.sauda-hybel.no\/ny\/wp-content\/uploads\/2023\/01\/kino_blog02_small.jpg 360w, https:\/\/www.sauda-hybel.no\/ny\/wp-content\/uploads\/2023\/01\/kino_blog02_small-300x200.jpg 300w\" sizes=\"(max-width: 360px) 100vw, 360px\" \/><\/a><\/figure><div class=\"elementor-image-box-content\"><h3 class=\"elementor-image-box-title\"><a href=\"https:\/\/www.sauda-hybel.no\/ny\/sauda-kino\/\">Sauda kino<\/a><\/h3><p class=\"elementor-image-box-description\">I foajeen finn du kiosk med sal av popcorn, mineralvatn og diverse godteri.<\/p><\/div><\/div>\t\t\t\t<\/div>\n\t\t\t\t<\/div>\n\t\t\t\t\t<\/div>\n\t\t<\/div>\n\t\t\t\t<div class=\"elementor-column elementor-col-33 elementor-top-column elementor-element elementor-element-62bab02\" data-id=\"62bab02\" data-element_type=\"column\" data-e-type=\"column\">\n\t\t\t<div class=\"elementor-widget-wrap elementor-element-populated\">\n\t\t\t\t\t\t<div class=\"elementor-element elementor-element-99e2321 elementor-position-top elementor-widget elementor-widget-image-box\" data-id=\"99e2321\" data-element_type=\"widget\" data-e-type=\"widget\" data-widget_type=\"image-box.default\">\n\t\t\t\t<div class=\"elementor-widget-container\">\n\t\t\t\t\t<div class=\"elementor-image-box-wrapper\"><figure class=\"elementor-image-box-img\"><a href=\"https:\/\/www.sauda-hybel.no\/ny\/andre-aktiviteter\/\" tabindex=\"-1\"><img loading=\"lazy\" decoding=\"async\" width=\"360\" height=\"240\" src=\"https:\/\/www.sauda-hybel.no\/ny\/wp-content\/uploads\/2023\/01\/div_aktiviteter_small.jpg\" class=\"elementor-animation-grow-rotate attachment-full size-full wp-image-17791\" alt=\"\" srcset=\"https:\/\/www.sauda-hybel.no\/ny\/wp-content\/uploads\/2023\/01\/div_aktiviteter_small.jpg 360w, https:\/\/www.sauda-hybel.no\/ny\/wp-content\/uploads\/2023\/01\/div_aktiviteter_small-300x200.jpg 300w\" sizes=\"(max-width: 360px) 100vw, 360px\" \/><\/a><\/figure><div class=\"elementor-image-box-content\"><h3 class=\"elementor-image-box-title\"><a href=\"https:\/\/www.sauda-hybel.no\/ny\/andre-aktiviteter\/\">Andre aktiviteter<\/a><\/h3><p class=\"elementor-image-box-description\">Sauda har mange aktiviteter for store og sm\u00e5, unge og gamle. Her er bare et utvalg av Sauda har \u00e5 tilby.<\/p><\/div><\/div>\t\t\t\t<\/div>\n\t\t\t\t<\/div>\n\t\t\t\t\t<\/div>\n\t\t<\/div>\n\t\t\t\t\t<\/div>\n\t\t<\/section>\n\t\t\t\t<section class=\"elementor-section elementor-top-section elementor-element elementor-element-2326290 elementor-section-boxed elementor-section-height-default elementor-section-height-default\" data-id=\"2326290\" data-element_type=\"section\" data-e-type=\"section\" data-settings=\"{&quot;shape_divider_bottom&quot;:&quot;mountains&quot;}\">\n\t\t\t\t\t<div class=\"elementor-shape elementor-shape-bottom\" aria-hidden=\"true\" data-negative=\"false\">\n\t\t\t<svg xmlns=\"http:\/\/www.w3.org\/2000\/svg\" viewBox=\"0 0 1000 100\" preserveAspectRatio=\"none\">\n\t<path class=\"elementor-shape-fill\" opacity=\"0.33\" d=\"M473,67.3c-203.9,88.3-263.1-34-320.3,0C66,119.1,0,59.7,0,59.7V0h1000v59.7 c0,0-62.1,26.1-94.9,29.3c-32.8,3.3-62.8-12.3-75.8-22.1C806,49.6,745.3,8.7,694.9,4.7S492.4,59,473,67.3z\"\/>\n\t<path class=\"elementor-shape-fill\" opacity=\"0.66\" d=\"M734,67.3c-45.5,0-77.2-23.2-129.1-39.1c-28.6-8.7-150.3-10.1-254,39.1 s-91.7-34.4-149.2,0C115.7,118.3,0,39.8,0,39.8V0h1000v36.5c0,0-28.2-18.5-92.1-18.5C810.2,18.1,775.7,67.3,734,67.3z\"\/>\n\t<path class=\"elementor-shape-fill\" d=\"M766.1,28.9c-200-57.5-266,65.5-395.1,19.5C242,1.8,242,5.4,184.8,20.6C128,35.8,132.3,44.9,89.9,52.5C28.6,63.7,0,0,0,0 h1000c0,0-9.9,40.9-83.6,48.1S829.6,47,766.1,28.9z\"\/>\n<\/svg>\t\t<\/div>\n\t\t\t\t\t<div class=\"elementor-container elementor-column-gap-default\">\n\t\t\t\t\t<div class=\"elementor-column elementor-col-100 elementor-top-column elementor-element elementor-element-9d2c023\" data-id=\"9d2c023\" data-element_type=\"column\" data-e-type=\"column\">\n\t\t\t<div class=\"elementor-widget-wrap\">\n\t\t\t\t\t\t\t<\/div>\n\t\t<\/div>\n\t\t\t\t\t<\/div>\n\t\t<\/section>\n\t\t\t\t<\/div>\n\t\t","protected":false},"excerpt":{"rendered":"<p>Sauda Skisenter Automatisert sn\u00f8anlegg. Kafe med varmmat, skiutstilling med 600 par ski! Skiutleige med skiverksted og Fjellbutikk og vi har egen afterskibar. Saudahallen I tillegg til b\u00e5de sv\u00f8mmebasseng og barnebasseng innend\u00f8rs i Saudahallen, kan Utebassenget i Sauda kan brukes \u00e5ret rundt. Frisk og Rask Vi er her for alle Saudabuer, hyttefolk og studenter i Sauda [&hellip;]<\/p>\n","protected":false},"author":1,"featured_media":0,"parent":0,"menu_order":0,"comment_status":"closed","ping_status":"closed","template":"template\/template-homepage.php","meta":{"footnotes":""},"class_list":["post-17776","page","type-page","status-publish","hentry"],"_links":{"self":[{"href":"https:\/\/www.sauda-hybel.no\/ny\/wp-json\/wp\/v2\/pages\/17776","targetHints":{"allow":["GET"]}}],"collection":[{"href":"https:\/\/www.sauda-hybel.no\/ny\/wp-json\/wp\/v2\/pages"}],"about":[{"href":"https:\/\/www.sauda-hybel.no\/ny\/wp-json\/wp\/v2\/types\/page"}],"author":[{"embeddable":true,"href":"https:\/\/www.sauda-hybel.no\/ny\/wp-json\/wp\/v2\/users\/1"}],"replies":[{"embeddable":true,"href":"https:\/\/www.sauda-hybel.no\/ny\/wp-json\/wp\/v2\/comments?post=17776"}],"version-history":[{"count":0,"href":"https:\/\/www.sauda-hybel.no\/ny\/wp-json\/wp\/v2\/pages\/17776\/revisions"}],"wp:attachment":[{"href":"https:\/\/www.sauda-hybel.no\/ny\/wp-json\/wp\/v2\/media?parent=17776"}],"curies":[{"name":"wp","href":"https:\/\/api.w.org\/{rel}","templated":true}]}}