{"id":17797,"date":"2023-01-06T23:16:26","date_gmt":"2023-01-06T23:16:26","guid":{"rendered":"https:\/\/www.sauda-hybel.no\/ny\/?page_id=17797"},"modified":"2023-12-03T18:21:34","modified_gmt":"2023-12-03T16:21:34","slug":"saudahallen","status":"publish","type":"page","link":"https:\/\/www.sauda-hybel.no\/ny\/saudahallen\/","title":{"rendered":"Saudahallen"},"content":{"rendered":"\t\t<div data-elementor-type=\"wp-page\" data-elementor-id=\"17797\" class=\"elementor elementor-17797\">\n\t\t\t\t\t\t<section class=\"elementor-section elementor-top-section elementor-element elementor-element-28ebbef4 elementor-section-height-min-height animated-slow elementor-section-boxed elementor-section-height-default elementor-section-items-middle elementor-invisible\" data-id=\"28ebbef4\" data-element_type=\"section\" data-e-type=\"section\" data-settings=\"{&quot;background_background&quot;:&quot;classic&quot;,&quot;animation&quot;:&quot;fadeIn&quot;,&quot;shape_divider_bottom&quot;:&quot;opacity-tilt&quot;}\">\n\t\t\t\t\t\t\t<div class=\"elementor-background-overlay\"><\/div>\n\t\t\t\t\t\t<div class=\"elementor-shape elementor-shape-bottom\" aria-hidden=\"true\" data-negative=\"false\">\n\t\t\t<svg xmlns=\"http:\/\/www.w3.org\/2000\/svg\" viewBox=\"0 0 2600 131.1\" preserveAspectRatio=\"none\">\n\t<path class=\"elementor-shape-fill\" d=\"M0 0L2600 0 2600 69.1 0 0z\"\/>\n\t<path class=\"elementor-shape-fill\" style=\"opacity:0.5\" d=\"M0 0L2600 0 2600 69.1 0 69.1z\"\/>\n\t<path class=\"elementor-shape-fill\" style=\"opacity:0.25\" d=\"M2600 0L0 0 0 130.1 2600 69.1z\"\/>\n<\/svg>\t\t<\/div>\n\t\t\t\t\t<div class=\"elementor-container elementor-column-gap-default\">\n\t\t\t\t\t<div class=\"elementor-column elementor-col-100 elementor-top-column elementor-element elementor-element-22536fae\" data-id=\"22536fae\" data-element_type=\"column\" data-e-type=\"column\">\n\t\t\t<div class=\"elementor-widget-wrap elementor-element-populated\">\n\t\t\t\t\t\t<div class=\"elementor-element elementor-element-b1c73ec elementor-invisible elementor-widget elementor-widget-heading\" data-id=\"b1c73ec\" data-element_type=\"widget\" data-e-type=\"widget\" data-settings=\"{&quot;_animation&quot;:&quot;slideInLeft&quot;}\" data-widget_type=\"heading.default\">\n\t\t\t\t<div class=\"elementor-widget-container\">\n\t\t\t\t\t<h1 class=\"elementor-heading-title elementor-size-default\">SAUDAHALLEN<\/h1>\t\t\t\t<\/div>\n\t\t\t\t<\/div>\n\t\t\t\t\t<\/div>\n\t\t<\/div>\n\t\t\t\t\t<\/div>\n\t\t<\/section>\n\t\t\t\t<section class=\"elementor-section elementor-top-section elementor-element elementor-element-21152a92 elementor-section-boxed elementor-section-height-default elementor-section-height-default\" data-id=\"21152a92\" data-element_type=\"section\" data-e-type=\"section\">\n\t\t\t\t\t\t<div class=\"elementor-container elementor-column-gap-default\">\n\t\t\t\t\t<div class=\"elementor-column elementor-col-100 elementor-top-column elementor-element elementor-element-2d73bb6d\" data-id=\"2d73bb6d\" data-element_type=\"column\" data-e-type=\"column\">\n\t\t\t<div class=\"elementor-widget-wrap elementor-element-populated\">\n\t\t\t\t\t\t<div class=\"elementor-element elementor-element-52dda174 elementor-widget elementor-widget-spacer\" data-id=\"52dda174\" data-element_type=\"widget\" data-e-type=\"widget\" data-widget_type=\"spacer.default\">\n\t\t\t\t<div class=\"elementor-widget-container\">\n\t\t\t\t\t\t\t<div class=\"elementor-spacer\">\n\t\t\t<div class=\"elementor-spacer-inner\"><\/div>\n\t\t<\/div>\n\t\t\t\t\t\t<\/div>\n\t\t\t\t<\/div>\n\t\t\t\t\t<\/div>\n\t\t<\/div>\n\t\t\t\t\t<\/div>\n\t\t<\/section>\n\t\t\t\t<section class=\"elementor-section elementor-top-section elementor-element elementor-element-6d67885d elementor-section-boxed elementor-section-height-default elementor-section-height-default\" data-id=\"6d67885d\" data-element_type=\"section\" data-e-type=\"section\">\n\t\t\t\t\t\t<div class=\"elementor-container elementor-column-gap-default\">\n\t\t\t\t\t<div class=\"elementor-column elementor-col-100 elementor-top-column elementor-element elementor-element-47bb9b06\" data-id=\"47bb9b06\" data-element_type=\"column\" data-e-type=\"column\">\n\t\t\t<div class=\"elementor-widget-wrap elementor-element-populated\">\n\t\t\t\t\t\t<section class=\"elementor-section elementor-inner-section elementor-element elementor-element-58bad3b7 elementor-section-boxed elementor-section-height-default elementor-section-height-default\" data-id=\"58bad3b7\" data-element_type=\"section\" data-e-type=\"section\">\n\t\t\t\t\t\t<div class=\"elementor-container elementor-column-gap-default\">\n\t\t\t\t\t<div class=\"elementor-column elementor-col-33 elementor-inner-column elementor-element elementor-element-5ad841d0\" data-id=\"5ad841d0\" data-element_type=\"column\" data-e-type=\"column\">\n\t\t\t<div class=\"elementor-widget-wrap\">\n\t\t\t\t\t\t\t<\/div>\n\t\t<\/div>\n\t\t\t\t<div class=\"elementor-column elementor-col-33 elementor-inner-column elementor-element elementor-element-2818349a\" data-id=\"2818349a\" data-element_type=\"column\" data-e-type=\"column\">\n\t\t\t<div class=\"elementor-widget-wrap elementor-element-populated\">\n\t\t\t\t\t\t<div class=\"elementor-element elementor-element-6e4cf49e elementor-widget elementor-widget-text-editor\" data-id=\"6e4cf49e\" data-element_type=\"widget\" data-e-type=\"widget\" data-widget_type=\"text-editor.default\">\n\t\t\t\t<div class=\"elementor-widget-container\">\n\t\t\t\t\t\t\t\t\t<p>Utebassenget i Sauda kan brukes \u00e5ret rundt. I tillegg til b\u00e5de sv\u00f8mmebasseng og barnebasseng innend\u00f8rs i Saudahallen, kan du kose deg i det flotte anlegget under \u00e5pen himmel.<\/p><p>\u00d8nsker du \u00e5 slappe av og bare lade batteriene, kan du nyte 33 grader varmt vann i hel\u00e5rsbassenget, som er utstyrt med massasjedyser og bobler. Dette er \u00e5pent hele \u00e5ret, og adkomst er i enden av sv\u00f8mmehallen.<\/p>\t\t\t\t\t\t\t\t<\/div>\n\t\t\t\t<\/div>\n\t\t\t\t<div class=\"elementor-element elementor-element-71398551 elementor-widget elementor-widget-spacer\" data-id=\"71398551\" data-element_type=\"widget\" data-e-type=\"widget\" data-widget_type=\"spacer.default\">\n\t\t\t\t<div class=\"elementor-widget-container\">\n\t\t\t\t\t\t\t<div class=\"elementor-spacer\">\n\t\t\t<div class=\"elementor-spacer-inner\"><\/div>\n\t\t<\/div>\n\t\t\t\t\t\t<\/div>\n\t\t\t\t<\/div>\n\t\t\t\t\t<\/div>\n\t\t<\/div>\n\t\t\t\t<div class=\"elementor-column elementor-col-33 elementor-inner-column elementor-element elementor-element-219a9161\" data-id=\"219a9161\" data-element_type=\"column\" data-e-type=\"column\">\n\t\t\t<div class=\"elementor-widget-wrap\">\n\t\t\t\t\t\t\t<\/div>\n\t\t<\/div>\n\t\t\t\t\t<\/div>\n\t\t<\/section>\n\t\t\t\t<div class=\"elementor-element elementor-element-8c9dc6e elementor-widget elementor-widget-image\" data-id=\"8c9dc6e\" data-element_type=\"widget\" data-e-type=\"widget\" data-widget_type=\"image.default\">\n\t\t\t\t<div class=\"elementor-widget-container\">\n\t\t\t\t\t\t\t\t\t\t\t\t\t\t\t<img fetchpriority=\"high\" decoding=\"async\" width=\"1024\" height=\"614\" src=\"https:\/\/www.sauda-hybel.no\/ny\/wp-content\/uploads\/2023\/01\/utebassenget2-1024x614.jpg\" class=\"attachment-large size-large wp-image-17804\" alt=\"\" srcset=\"https:\/\/www.sauda-hybel.no\/ny\/wp-content\/uploads\/2023\/01\/utebassenget2-1024x614.jpg 1024w, https:\/\/www.sauda-hybel.no\/ny\/wp-content\/uploads\/2023\/01\/utebassenget2-300x180.jpg 300w, https:\/\/www.sauda-hybel.no\/ny\/wp-content\/uploads\/2023\/01\/utebassenget2-768x461.jpg 768w, https:\/\/www.sauda-hybel.no\/ny\/wp-content\/uploads\/2023\/01\/utebassenget2-1000x600.jpg 1000w, https:\/\/www.sauda-hybel.no\/ny\/wp-content\/uploads\/2023\/01\/utebassenget2-496x298.jpg 496w, https:\/\/www.sauda-hybel.no\/ny\/wp-content\/uploads\/2023\/01\/utebassenget2.jpg 1500w\" sizes=\"(max-width: 1024px) 100vw, 1024px\" \/>\t\t\t\t\t\t\t\t\t\t\t\t\t\t\t<\/div>\n\t\t\t\t<\/div>\n\t\t\t\t<section class=\"elementor-section elementor-inner-section elementor-element elementor-element-cfe8d19 elementor-section-boxed elementor-section-height-default elementor-section-height-default\" data-id=\"cfe8d19\" data-element_type=\"section\" data-e-type=\"section\">\n\t\t\t\t\t\t<div class=\"elementor-container elementor-column-gap-default\">\n\t\t\t\t\t<div class=\"elementor-column elementor-col-33 elementor-inner-column elementor-element elementor-element-59ab29ef\" data-id=\"59ab29ef\" data-element_type=\"column\" data-e-type=\"column\">\n\t\t\t<div class=\"elementor-widget-wrap\">\n\t\t\t\t\t\t\t<\/div>\n\t\t<\/div>\n\t\t\t\t<div class=\"elementor-column elementor-col-33 elementor-inner-column elementor-element elementor-element-581ac45a\" data-id=\"581ac45a\" data-element_type=\"column\" data-e-type=\"column\">\n\t\t\t<div class=\"elementor-widget-wrap elementor-element-populated\">\n\t\t\t\t\t\t<div class=\"elementor-element elementor-element-4f72850c elementor-widget elementor-widget-text-editor\" data-id=\"4f72850c\" data-element_type=\"widget\" data-e-type=\"widget\" data-widget_type=\"text-editor.default\">\n\t\t\t\t<div class=\"elementor-widget-container\">\n\t\t\t\t\t\t\t\t\t<p><span style=\"color: #33beff;\">P\u00e5 sommerhalv\u00e5ret er hele det utend\u00f8rs anlegget \u00e5pent, og her finnes det noe for alle. Er du av den sprelske typen, kan du pr\u00f8ve deg i klatreveggen. Mister du taket, b\u00e6rer det rett ned i hoppebassenget, der du ogs\u00e5 kan hoppe fra ulike avsatser.\u00a0<\/span><\/p>\t\t\t\t\t\t\t\t<\/div>\n\t\t\t\t<\/div>\n\t\t\t\t<div class=\"elementor-element elementor-element-2634b794 elementor-widget-divider--view-line elementor-widget elementor-widget-divider\" data-id=\"2634b794\" data-element_type=\"widget\" data-e-type=\"widget\" data-widget_type=\"divider.default\">\n\t\t\t\t<div class=\"elementor-widget-container\">\n\t\t\t\t\t\t\t<div class=\"elementor-divider\">\n\t\t\t<span class=\"elementor-divider-separator\">\n\t\t\t\t\t\t<\/span>\n\t\t<\/div>\n\t\t\t\t\t\t<\/div>\n\t\t\t\t<\/div>\n\t\t\t\t<div class=\"elementor-element elementor-element-1dbbc6b8 elementor-widget elementor-widget-text-editor\" data-id=\"1dbbc6b8\" data-element_type=\"widget\" data-e-type=\"widget\" data-widget_type=\"text-editor.default\">\n\t\t\t\t<div class=\"elementor-widget-container\">\n\t\t\t\t\t\t\t\t\t<p>D\u00f8ra til utebassenget finner du i enden av sv\u00f8mmehallen. Ei trapp leder ned i hel\u00e5rs bassenget som er 1.2m dypt og inneholder b\u00e5de massasjedyser og bobler i forskjellige varianter. Et basseng for de minste, 65m lang sklie og hoppe basseng med 2 avsatser og klatrevegg s\u00f8rger for moro og velv\u00e6re for hele familien.<\/p>\t\t\t\t\t\t\t\t<\/div>\n\t\t\t\t<\/div>\n\t\t\t\t\t<\/div>\n\t\t<\/div>\n\t\t\t\t<div class=\"elementor-column elementor-col-33 elementor-inner-column elementor-element elementor-element-167942dd\" data-id=\"167942dd\" data-element_type=\"column\" data-e-type=\"column\">\n\t\t\t<div class=\"elementor-widget-wrap\">\n\t\t\t\t\t\t\t<\/div>\n\t\t<\/div>\n\t\t\t\t\t<\/div>\n\t\t<\/section>\n\t\t\t\t<section class=\"elementor-section elementor-inner-section elementor-element elementor-element-5c2154db elementor-section-boxed elementor-section-height-default elementor-section-height-default\" data-id=\"5c2154db\" data-element_type=\"section\" data-e-type=\"section\">\n\t\t\t\t\t\t<div class=\"elementor-container elementor-column-gap-default\">\n\t\t\t\t\t<div class=\"elementor-column elementor-col-33 elementor-inner-column elementor-element elementor-element-3843a536\" data-id=\"3843a536\" data-element_type=\"column\" data-e-type=\"column\">\n\t\t\t<div class=\"elementor-widget-wrap elementor-element-populated\">\n\t\t\t\t\t\t<div class=\"elementor-element elementor-element-452fd895 e-transform elementor-widget elementor-widget-image\" data-id=\"452fd895\" data-element_type=\"widget\" data-e-type=\"widget\" data-settings=\"{&quot;_transform_skewX_effect_hover&quot;:{&quot;unit&quot;:&quot;px&quot;,&quot;size&quot;:5,&quot;sizes&quot;:[]},&quot;_transform_skewY_effect_hover&quot;:{&quot;unit&quot;:&quot;px&quot;,&quot;size&quot;:-5,&quot;sizes&quot;:[]},&quot;_transform_skewX_effect_hover_tablet&quot;:{&quot;unit&quot;:&quot;deg&quot;,&quot;size&quot;:&quot;&quot;,&quot;sizes&quot;:[]},&quot;_transform_skewX_effect_hover_mobile&quot;:{&quot;unit&quot;:&quot;deg&quot;,&quot;size&quot;:&quot;&quot;,&quot;sizes&quot;:[]},&quot;_transform_skewY_effect_hover_tablet&quot;:{&quot;unit&quot;:&quot;deg&quot;,&quot;size&quot;:&quot;&quot;,&quot;sizes&quot;:[]},&quot;_transform_skewY_effect_hover_mobile&quot;:{&quot;unit&quot;:&quot;deg&quot;,&quot;size&quot;:&quot;&quot;,&quot;sizes&quot;:[]}}\" data-widget_type=\"image.default\">\n\t\t\t\t<div class=\"elementor-widget-container\">\n\t\t\t\t\t\t\t\t\t\t\t\t<figure class=\"wp-caption\">\n\t\t\t\t\t\t\t\t\t\t<img decoding=\"async\" width=\"251\" height=\"320\" src=\"https:\/\/www.sauda-hybel.no\/ny\/wp-content\/uploads\/2023\/01\/bane.jpg\" class=\"attachment-large size-large wp-image-17805\" alt=\"\" srcset=\"https:\/\/www.sauda-hybel.no\/ny\/wp-content\/uploads\/2023\/01\/bane.jpg 251w, https:\/\/www.sauda-hybel.no\/ny\/wp-content\/uploads\/2023\/01\/bane-235x300.jpg 235w\" sizes=\"(max-width: 251px) 100vw, 251px\" \/>\t\t\t\t\t\t\t\t\t\t\t<figcaption class=\"widget-image-caption wp-caption-text\">Sklibane<\/figcaption>\n\t\t\t\t\t\t\t\t\t\t<\/figure>\n\t\t\t\t\t\t\t\t\t<\/div>\n\t\t\t\t<\/div>\n\t\t\t\t\t<\/div>\n\t\t<\/div>\n\t\t\t\t<div class=\"elementor-column elementor-col-33 elementor-inner-column elementor-element elementor-element-6a706118\" data-id=\"6a706118\" data-element_type=\"column\" data-e-type=\"column\">\n\t\t\t<div class=\"elementor-widget-wrap elementor-element-populated\">\n\t\t\t\t\t\t<div class=\"elementor-element elementor-element-2385ee21 elementor-widget elementor-widget-text-editor\" data-id=\"2385ee21\" data-element_type=\"widget\" data-e-type=\"widget\" data-widget_type=\"text-editor.default\">\n\t\t\t\t<div class=\"elementor-widget-container\">\n\t\t\t\t\t\t\t\t\t<p>\u00a0<\/p><p>Kanskje frister ogs\u00e5 den 65 meter lange vannsklien? Masse moro er uansett garantert for hele familien. Dusj og toalett er tilgjengelig b\u00e5de ute og inne, og omr\u00e5det er lett tilgjengelig ogs\u00e5 for bevegelseshemmede.<\/p><p><br \/>Om vinteren er det bare hel\u00e5rsbassenget som er \u00e5pent. Resten av anlegget er \u00e5pnet mellom p\u00e5sken og h\u00f8stferien. Det er egen dusj og toalett i tilknytning til uteomr\u00e5det.<\/p>\t\t\t\t\t\t\t\t<\/div>\n\t\t\t\t<\/div>\n\t\t\t\t<div class=\"elementor-element elementor-element-35ed7a12 elementor-align-center elementor-widget elementor-widget-button\" data-id=\"35ed7a12\" data-element_type=\"widget\" data-e-type=\"widget\" data-widget_type=\"button.default\">\n\t\t\t\t<div class=\"elementor-widget-container\">\n\t\t\t\t\t\t\t\t\t<div class=\"elementor-button-wrapper\">\n\t\t\t\t\t<a class=\"elementor-button elementor-button-link elementor-size-lg\" href=\"https:\/\/portalsauda.no\/opplevelse\/utebassenget\/\" target=\"_blank\">\n\t\t\t\t\t\t<span class=\"elementor-button-content-wrapper\">\n\t\t\t\t\t\t<span class=\"elementor-button-icon\">\n\t\t\t\t<i aria-hidden=\"true\" class=\"fas fa-swimmer\"><\/i>\t\t\t<\/span>\n\t\t\t\t\t\t\t\t\t<span class=\"elementor-button-text\">Utebading i Sauda<\/span>\n\t\t\t\t\t<\/span>\n\t\t\t\t\t<\/a>\n\t\t\t\t<\/div>\n\t\t\t\t\t\t\t\t<\/div>\n\t\t\t\t<\/div>\n\t\t\t\t\t<\/div>\n\t\t<\/div>\n\t\t\t\t<div class=\"elementor-column elementor-col-33 elementor-inner-column elementor-element elementor-element-4c5dcbb9\" data-id=\"4c5dcbb9\" data-element_type=\"column\" data-e-type=\"column\">\n\t\t\t<div class=\"elementor-widget-wrap\">\n\t\t\t\t\t\t\t<\/div>\n\t\t<\/div>\n\t\t\t\t\t<\/div>\n\t\t<\/section>\n\t\t\t\t\t<\/div>\n\t\t<\/div>\n\t\t\t\t\t<\/div>\n\t\t<\/section>\n\t\t\t\t<section class=\"elementor-section elementor-top-section elementor-element elementor-element-a8de477 elementor-section-boxed elementor-section-height-default elementor-section-height-default\" data-id=\"a8de477\" data-element_type=\"section\" data-e-type=\"section\">\n\t\t\t\t\t\t<div class=\"elementor-container elementor-column-gap-default\">\n\t\t\t\t\t<div class=\"elementor-column elementor-col-25 elementor-top-column elementor-element elementor-element-dbd2ed0\" data-id=\"dbd2ed0\" data-element_type=\"column\" data-e-type=\"column\">\n\t\t\t<div class=\"elementor-widget-wrap\">\n\t\t\t\t\t\t\t<\/div>\n\t\t<\/div>\n\t\t\t\t<div class=\"elementor-column elementor-col-50 elementor-top-column elementor-element elementor-element-bbce8df\" data-id=\"bbce8df\" data-element_type=\"column\" data-e-type=\"column\">\n\t\t\t<div class=\"elementor-widget-wrap elementor-element-populated\">\n\t\t\t\t\t\t<div class=\"elementor-element elementor-element-93bd257 elementor-widget elementor-widget-spacer\" data-id=\"93bd257\" data-element_type=\"widget\" data-e-type=\"widget\" data-widget_type=\"spacer.default\">\n\t\t\t\t<div class=\"elementor-widget-container\">\n\t\t\t\t\t\t\t<div class=\"elementor-spacer\">\n\t\t\t<div class=\"elementor-spacer-inner\"><\/div>\n\t\t<\/div>\n\t\t\t\t\t\t<\/div>\n\t\t\t\t<\/div>\n\t\t\t\t<div class=\"elementor-element elementor-element-c1f7515 gallery-spacing-custom elementor-widget elementor-widget-image-gallery\" data-id=\"c1f7515\" data-element_type=\"widget\" data-e-type=\"widget\" data-widget_type=\"image-gallery.default\">\n\t\t\t\t<div class=\"elementor-widget-container\">\n\t\t\t\t\t\t\t<div class=\"elementor-image-gallery\">\n\t\t\t<div id='gallery-1' class='gallery galleryid-17797 gallery-columns-3 gallery-size-large'><figure class='gallery-item'>\n\t\t\t<div class='gallery-icon portrait'>\n\t\t\t\t<a data-elementor-open-lightbox=\"yes\" data-elementor-lightbox-slideshow=\"c1f7515\" data-elementor-lightbox-title=\"bane\" data-e-action-hash=\"#elementor-action%3Aaction%3Dlightbox%26settings%3DeyJpZCI6MTc4MDUsInVybCI6Imh0dHBzOlwvXC93d3cuc2F1ZGEtaHliZWwubm9cL255XC93cC1jb250ZW50XC91cGxvYWRzXC8yMDIzXC8wMVwvYmFuZS5qcGciLCJzbGlkZXNob3ciOiJjMWY3NTE1In0%3D\" href='https:\/\/www.sauda-hybel.no\/ny\/wp-content\/uploads\/2023\/01\/bane.jpg'><img decoding=\"async\" width=\"251\" height=\"320\" src=\"https:\/\/www.sauda-hybel.no\/ny\/wp-content\/uploads\/2023\/01\/bane.jpg\" class=\"attachment-large size-large\" alt=\"\" srcset=\"https:\/\/www.sauda-hybel.no\/ny\/wp-content\/uploads\/2023\/01\/bane.jpg 251w, https:\/\/www.sauda-hybel.no\/ny\/wp-content\/uploads\/2023\/01\/bane-235x300.jpg 235w\" sizes=\"(max-width: 251px) 100vw, 251px\" \/><\/a>\n\t\t\t<\/div><\/figure><figure class='gallery-item'>\n\t\t\t<div class='gallery-icon portrait'>\n\t\t\t\t<a data-elementor-open-lightbox=\"yes\" data-elementor-lightbox-slideshow=\"c1f7515\" data-elementor-lightbox-title=\"kids\" data-e-action-hash=\"#elementor-action%3Aaction%3Dlightbox%26settings%3DeyJpZCI6MTc4MDcsInVybCI6Imh0dHBzOlwvXC93d3cuc2F1ZGEtaHliZWwubm9cL255XC93cC1jb250ZW50XC91cGxvYWRzXC8yMDIzXC8wMVwva2lkcy5qcGciLCJzbGlkZXNob3ciOiJjMWY3NTE1In0%3D\" href='https:\/\/www.sauda-hybel.no\/ny\/wp-content\/uploads\/2023\/01\/kids.jpg'><img loading=\"lazy\" decoding=\"async\" width=\"251\" height=\"320\" src=\"https:\/\/www.sauda-hybel.no\/ny\/wp-content\/uploads\/2023\/01\/kids.jpg\" class=\"attachment-large size-large\" alt=\"\" srcset=\"https:\/\/www.sauda-hybel.no\/ny\/wp-content\/uploads\/2023\/01\/kids.jpg 251w, https:\/\/www.sauda-hybel.no\/ny\/wp-content\/uploads\/2023\/01\/kids-235x300.jpg 235w\" sizes=\"(max-width: 251px) 100vw, 251px\" \/><\/a>\n\t\t\t<\/div><\/figure><figure class='gallery-item'>\n\t\t\t<div class='gallery-icon portrait'>\n\t\t\t\t<a data-elementor-open-lightbox=\"yes\" data-elementor-lightbox-slideshow=\"c1f7515\" data-elementor-lightbox-title=\"bad\" data-e-action-hash=\"#elementor-action%3Aaction%3Dlightbox%26settings%3DeyJpZCI6MTc4MDYsInVybCI6Imh0dHBzOlwvXC93d3cuc2F1ZGEtaHliZWwubm9cL255XC93cC1jb250ZW50XC91cGxvYWRzXC8yMDIzXC8wMVwvYmFkLmpwZyIsInNsaWRlc2hvdyI6ImMxZjc1MTUifQ%3D%3D\" href='https:\/\/www.sauda-hybel.no\/ny\/wp-content\/uploads\/2023\/01\/bad.jpg'><img loading=\"lazy\" decoding=\"async\" width=\"251\" height=\"320\" src=\"https:\/\/www.sauda-hybel.no\/ny\/wp-content\/uploads\/2023\/01\/bad.jpg\" class=\"attachment-large size-large\" alt=\"\" srcset=\"https:\/\/www.sauda-hybel.no\/ny\/wp-content\/uploads\/2023\/01\/bad.jpg 251w, https:\/\/www.sauda-hybel.no\/ny\/wp-content\/uploads\/2023\/01\/bad-235x300.jpg 235w\" sizes=\"(max-width: 251px) 100vw, 251px\" \/><\/a>\n\t\t\t<\/div><\/figure>\n\t\t<\/div>\n\t\t<\/div>\n\t\t\t\t\t\t<\/div>\n\t\t\t\t<\/div>\n\t\t\t\t\t<\/div>\n\t\t<\/div>\n\t\t\t\t<div class=\"elementor-column elementor-col-25 elementor-top-column elementor-element elementor-element-8cb86a5\" data-id=\"8cb86a5\" data-element_type=\"column\" data-e-type=\"column\">\n\t\t\t<div class=\"elementor-widget-wrap\">\n\t\t\t\t\t\t\t<\/div>\n\t\t<\/div>\n\t\t\t\t\t<\/div>\n\t\t<\/section>\n\t\t\t\t<section class=\"elementor-section elementor-top-section elementor-element elementor-element-1f744e1d elementor-section-boxed elementor-section-height-default elementor-section-height-default\" data-id=\"1f744e1d\" data-element_type=\"section\" data-e-type=\"section\" data-settings=\"{&quot;shape_divider_bottom&quot;:&quot;opacity-fan&quot;}\">\n\t\t\t\t\t<div class=\"elementor-shape elementor-shape-bottom\" aria-hidden=\"true\" data-negative=\"false\">\n\t\t\t<svg xmlns=\"http:\/\/www.w3.org\/2000\/svg\" viewBox=\"0 0 283.5 19.6\" preserveAspectRatio=\"none\">\n\t<path class=\"elementor-shape-fill\" style=\"opacity:0.33\" d=\"M0 0L0 18.8 141.8 4.1 283.5 18.8 283.5 0z\"\/>\n\t<path class=\"elementor-shape-fill\" style=\"opacity:0.33\" d=\"M0 0L0 12.6 141.8 4 283.5 12.6 283.5 0z\"\/>\n\t<path class=\"elementor-shape-fill\" style=\"opacity:0.33\" d=\"M0 0L0 6.4 141.8 4 283.5 6.4 283.5 0z\"\/>\n\t<path class=\"elementor-shape-fill\" d=\"M0 0L0 1.2 141.8 4 283.5 1.2 283.5 0z\"\/>\n<\/svg>\t\t<\/div>\n\t\t\t\t\t<div class=\"elementor-container elementor-column-gap-default\">\n\t\t\t\t\t<div class=\"elementor-column elementor-col-100 elementor-top-column elementor-element elementor-element-7d6814a8\" data-id=\"7d6814a8\" data-element_type=\"column\" data-e-type=\"column\">\n\t\t\t<div class=\"elementor-widget-wrap elementor-element-populated\">\n\t\t\t\t\t\t<div class=\"elementor-element elementor-element-34be3708 elementor-widget elementor-widget-spacer\" data-id=\"34be3708\" data-element_type=\"widget\" data-e-type=\"widget\" data-widget_type=\"spacer.default\">\n\t\t\t\t<div class=\"elementor-widget-container\">\n\t\t\t\t\t\t\t<div class=\"elementor-spacer\">\n\t\t\t<div class=\"elementor-spacer-inner\"><\/div>\n\t\t<\/div>\n\t\t\t\t\t\t<\/div>\n\t\t\t\t<\/div>\n\t\t\t\t\t<\/div>\n\t\t<\/div>\n\t\t\t\t\t<\/div>\n\t\t<\/section>\n\t\t\t\t<\/div>\n\t\t","protected":false},"excerpt":{"rendered":"<p>SAUDAHALLEN Utebassenget i Sauda kan brukes \u00e5ret rundt. I tillegg til b\u00e5de sv\u00f8mmebasseng og barnebasseng innend\u00f8rs i Saudahallen, kan du kose deg i det flotte anlegget under \u00e5pen himmel. \u00d8nsker du \u00e5 slappe av og bare lade batteriene, kan du nyte 33 grader varmt vann i hel\u00e5rsbassenget, som er utstyrt med massasjedyser og bobler. Dette [&hellip;]<\/p>\n","protected":false},"author":1,"featured_media":0,"parent":0,"menu_order":0,"comment_status":"closed","ping_status":"closed","template":"template\/template-homepage.php","meta":{"footnotes":""},"class_list":["post-17797","page","type-page","status-publish","hentry"],"_links":{"self":[{"href":"https:\/\/www.sauda-hybel.no\/ny\/wp-json\/wp\/v2\/pages\/17797","targetHints":{"allow":["GET"]}}],"collection":[{"href":"https:\/\/www.sauda-hybel.no\/ny\/wp-json\/wp\/v2\/pages"}],"about":[{"href":"https:\/\/www.sauda-hybel.no\/ny\/wp-json\/wp\/v2\/types\/page"}],"author":[{"embeddable":true,"href":"https:\/\/www.sauda-hybel.no\/ny\/wp-json\/wp\/v2\/users\/1"}],"replies":[{"embeddable":true,"href":"https:\/\/www.sauda-hybel.no\/ny\/wp-json\/wp\/v2\/comments?post=17797"}],"version-history":[{"count":0,"href":"https:\/\/www.sauda-hybel.no\/ny\/wp-json\/wp\/v2\/pages\/17797\/revisions"}],"wp:attachment":[{"href":"https:\/\/www.sauda-hybel.no\/ny\/wp-json\/wp\/v2\/media?parent=17797"}],"curies":[{"name":"wp","href":"https:\/\/api.w.org\/{rel}","templated":true}]}}