{"id":18153,"date":"2023-12-03T18:24:22","date_gmt":"2023-12-03T16:24:22","guid":{"rendered":"https:\/\/www.sauda-hybel.no\/ny\/?page_id=18153"},"modified":"2023-12-05T23:23:29","modified_gmt":"2023-12-05T21:23:29","slug":"sauda-kino","status":"publish","type":"page","link":"https:\/\/www.sauda-hybel.no\/ny\/sauda-kino\/","title":{"rendered":"Sauda Kino"},"content":{"rendered":"\t\t<div data-elementor-type=\"wp-page\" data-elementor-id=\"18153\" class=\"elementor elementor-18153\">\n\t\t\t\t\t\t<section class=\"elementor-section elementor-top-section elementor-element elementor-element-c437c10 elementor-section-height-min-height animated-slow elementor-section-boxed elementor-section-height-default elementor-section-items-middle elementor-invisible\" data-id=\"c437c10\" data-element_type=\"section\" data-e-type=\"section\" data-settings=\"{&quot;background_background&quot;:&quot;classic&quot;,&quot;animation&quot;:&quot;fadeIn&quot;,&quot;shape_divider_bottom&quot;:&quot;opacity-tilt&quot;}\">\n\t\t\t\t\t\t\t<div class=\"elementor-background-overlay\"><\/div>\n\t\t\t\t\t\t<div class=\"elementor-shape elementor-shape-bottom\" aria-hidden=\"true\" data-negative=\"false\">\n\t\t\t<svg xmlns=\"http:\/\/www.w3.org\/2000\/svg\" viewBox=\"0 0 2600 131.1\" preserveAspectRatio=\"none\">\n\t<path class=\"elementor-shape-fill\" d=\"M0 0L2600 0 2600 69.1 0 0z\"\/>\n\t<path class=\"elementor-shape-fill\" style=\"opacity:0.5\" d=\"M0 0L2600 0 2600 69.1 0 69.1z\"\/>\n\t<path class=\"elementor-shape-fill\" style=\"opacity:0.25\" d=\"M2600 0L0 0 0 130.1 2600 69.1z\"\/>\n<\/svg>\t\t<\/div>\n\t\t\t\t\t<div class=\"elementor-container elementor-column-gap-default\">\n\t\t\t\t\t<div class=\"elementor-column elementor-col-100 elementor-top-column elementor-element elementor-element-3acb4d40\" data-id=\"3acb4d40\" data-element_type=\"column\" data-e-type=\"column\">\n\t\t\t<div class=\"elementor-widget-wrap elementor-element-populated\">\n\t\t\t\t\t\t<div class=\"elementor-element elementor-element-bd10c88 elementor-invisible elementor-widget elementor-widget-heading\" data-id=\"bd10c88\" data-element_type=\"widget\" data-e-type=\"widget\" data-settings=\"{&quot;_animation&quot;:&quot;slideInLeft&quot;}\" data-widget_type=\"heading.default\">\n\t\t\t\t<div class=\"elementor-widget-container\">\n\t\t\t\t\t<h1 class=\"elementor-heading-title elementor-size-default\">SAUDA KINO<\/h1>\t\t\t\t<\/div>\n\t\t\t\t<\/div>\n\t\t\t\t\t<\/div>\n\t\t<\/div>\n\t\t\t\t\t<\/div>\n\t\t<\/section>\n\t\t\t\t<section class=\"elementor-section elementor-top-section elementor-element elementor-element-2b3f4ba0 elementor-section-boxed elementor-section-height-default elementor-section-height-default\" data-id=\"2b3f4ba0\" data-element_type=\"section\" data-e-type=\"section\">\n\t\t\t\t\t\t<div class=\"elementor-container elementor-column-gap-default\">\n\t\t\t\t\t<div class=\"elementor-column elementor-col-100 elementor-top-column elementor-element elementor-element-57072a2f\" data-id=\"57072a2f\" data-element_type=\"column\" data-e-type=\"column\">\n\t\t\t<div class=\"elementor-widget-wrap elementor-element-populated\">\n\t\t\t\t\t\t<div class=\"elementor-element elementor-element-70af3b4 elementor-widget elementor-widget-spacer\" data-id=\"70af3b4\" data-element_type=\"widget\" data-e-type=\"widget\" data-widget_type=\"spacer.default\">\n\t\t\t\t<div class=\"elementor-widget-container\">\n\t\t\t\t\t\t\t<div class=\"elementor-spacer\">\n\t\t\t<div class=\"elementor-spacer-inner\"><\/div>\n\t\t<\/div>\n\t\t\t\t\t\t<\/div>\n\t\t\t\t<\/div>\n\t\t\t\t\t<\/div>\n\t\t<\/div>\n\t\t\t\t\t<\/div>\n\t\t<\/section>\n\t\t\t\t<section class=\"elementor-section elementor-top-section elementor-element elementor-element-cdcd239 elementor-section-boxed elementor-section-height-default elementor-section-height-default\" data-id=\"cdcd239\" data-element_type=\"section\" data-e-type=\"section\">\n\t\t\t\t\t\t<div class=\"elementor-container elementor-column-gap-default\">\n\t\t\t\t\t<div class=\"elementor-column elementor-col-100 elementor-top-column elementor-element elementor-element-2fd0fd36\" data-id=\"2fd0fd36\" data-element_type=\"column\" data-e-type=\"column\">\n\t\t\t<div class=\"elementor-widget-wrap elementor-element-populated\">\n\t\t\t\t\t\t<section class=\"elementor-section elementor-inner-section elementor-element elementor-element-58033259 elementor-section-boxed elementor-section-height-default elementor-section-height-default\" data-id=\"58033259\" data-element_type=\"section\" data-e-type=\"section\">\n\t\t\t\t\t\t<div class=\"elementor-container elementor-column-gap-default\">\n\t\t\t\t\t<div class=\"elementor-column elementor-col-33 elementor-inner-column elementor-element elementor-element-a7258d2\" data-id=\"a7258d2\" data-element_type=\"column\" data-e-type=\"column\">\n\t\t\t<div class=\"elementor-widget-wrap\">\n\t\t\t\t\t\t\t<\/div>\n\t\t<\/div>\n\t\t\t\t<div class=\"elementor-column elementor-col-33 elementor-inner-column elementor-element elementor-element-7fe6183f\" data-id=\"7fe6183f\" data-element_type=\"column\" data-e-type=\"column\">\n\t\t\t<div class=\"elementor-widget-wrap elementor-element-populated\">\n\t\t\t\t\t\t<div class=\"elementor-element elementor-element-14dcde29 elementor-widget elementor-widget-text-editor\" data-id=\"14dcde29\" data-element_type=\"widget\" data-e-type=\"widget\" data-widget_type=\"text-editor.default\">\n\t\t\t\t<div class=\"elementor-widget-container\">\n\t\t\t\t\t\t\t\t\t<p>Sauda kino har vore i drift sidan 1940. Kinoen ligg i Kyrkjegata 19 og er ein del av r\u00e5dhuset i Sauda.<\/p><p>Kinosalen har 199 stolar og kan i tillegg til filmframvising leigast for \u00e5 halda foredrag og framsyningar.<\/p>\t\t\t\t\t\t\t\t<\/div>\n\t\t\t\t<\/div>\n\t\t\t\t<div class=\"elementor-element elementor-element-4c21b204 elementor-widget elementor-widget-spacer\" data-id=\"4c21b204\" data-element_type=\"widget\" data-e-type=\"widget\" data-widget_type=\"spacer.default\">\n\t\t\t\t<div class=\"elementor-widget-container\">\n\t\t\t\t\t\t\t<div class=\"elementor-spacer\">\n\t\t\t<div class=\"elementor-spacer-inner\"><\/div>\n\t\t<\/div>\n\t\t\t\t\t\t<\/div>\n\t\t\t\t<\/div>\n\t\t\t\t\t<\/div>\n\t\t<\/div>\n\t\t\t\t<div class=\"elementor-column elementor-col-33 elementor-inner-column elementor-element elementor-element-7516d52a\" data-id=\"7516d52a\" data-element_type=\"column\" data-e-type=\"column\">\n\t\t\t<div class=\"elementor-widget-wrap\">\n\t\t\t\t\t\t\t<\/div>\n\t\t<\/div>\n\t\t\t\t\t<\/div>\n\t\t<\/section>\n\t\t\t\t<div class=\"elementor-element elementor-element-23d98cd8 elementor-widget elementor-widget-image\" data-id=\"23d98cd8\" data-element_type=\"widget\" data-e-type=\"widget\" data-widget_type=\"image.default\">\n\t\t\t\t<div class=\"elementor-widget-container\">\n\t\t\t\t\t\t\t\t\t\t\t\t\t\t\t<img fetchpriority=\"high\" decoding=\"async\" width=\"730\" height=\"412\" src=\"https:\/\/www.sauda-hybel.no\/ny\/wp-content\/uploads\/2023\/12\/kino_blog01.jpg\" class=\"attachment-large size-large wp-image-18157\" alt=\"\" srcset=\"https:\/\/www.sauda-hybel.no\/ny\/wp-content\/uploads\/2023\/12\/kino_blog01.jpg 730w, https:\/\/www.sauda-hybel.no\/ny\/wp-content\/uploads\/2023\/12\/kino_blog01-300x169.jpg 300w, https:\/\/www.sauda-hybel.no\/ny\/wp-content\/uploads\/2023\/12\/kino_blog01-496x280.jpg 496w\" sizes=\"(max-width: 730px) 100vw, 730px\" \/>\t\t\t\t\t\t\t\t\t\t\t\t\t\t\t<\/div>\n\t\t\t\t<\/div>\n\t\t\t\t<section class=\"elementor-section elementor-inner-section elementor-element elementor-element-64c8e232 elementor-section-boxed elementor-section-height-default elementor-section-height-default\" data-id=\"64c8e232\" data-element_type=\"section\" data-e-type=\"section\">\n\t\t\t\t\t\t<div class=\"elementor-container elementor-column-gap-default\">\n\t\t\t\t\t<div class=\"elementor-column elementor-col-33 elementor-inner-column elementor-element elementor-element-7055e791\" data-id=\"7055e791\" data-element_type=\"column\" data-e-type=\"column\">\n\t\t\t<div class=\"elementor-widget-wrap\">\n\t\t\t\t\t\t\t<\/div>\n\t\t<\/div>\n\t\t\t\t<div class=\"elementor-column elementor-col-33 elementor-inner-column elementor-element elementor-element-3a5df784\" data-id=\"3a5df784\" data-element_type=\"column\" data-e-type=\"column\">\n\t\t\t<div class=\"elementor-widget-wrap elementor-element-populated\">\n\t\t\t\t\t\t<div class=\"elementor-element elementor-element-75f2bafc elementor-widget elementor-widget-text-editor\" data-id=\"75f2bafc\" data-element_type=\"widget\" data-e-type=\"widget\" data-widget_type=\"text-editor.default\">\n\t\t\t\t<div class=\"elementor-widget-container\">\n\t\t\t\t\t\t\t\t\t<p><span style=\"color: #33beff;\">I foajeen finn du kiosk med sal av popcorn, mineralvatn og diverse godteri.<\/span><\/p>\t\t\t\t\t\t\t\t<\/div>\n\t\t\t\t<\/div>\n\t\t\t\t<div class=\"elementor-element elementor-element-846c35e elementor-widget-divider--view-line elementor-widget elementor-widget-divider\" data-id=\"846c35e\" data-element_type=\"widget\" data-e-type=\"widget\" data-widget_type=\"divider.default\">\n\t\t\t\t<div class=\"elementor-widget-container\">\n\t\t\t\t\t\t\t<div class=\"elementor-divider\">\n\t\t\t<span class=\"elementor-divider-separator\">\n\t\t\t\t\t\t<\/span>\n\t\t<\/div>\n\t\t\t\t\t\t<\/div>\n\t\t\t\t<\/div>\n\t\t\t\t<div class=\"elementor-element elementor-element-5569c60 elementor-widget elementor-widget-text-editor\" data-id=\"5569c60\" data-element_type=\"widget\" data-e-type=\"widget\" data-widget_type=\"text-editor.default\">\n\t\t\t\t<div class=\"elementor-widget-container\">\n\t\t\t\t\t\t\t\t\t<p>Billettar kan kj\u00f8past i kinoen si billettluke, p\u00e5 biblioteket eller her p\u00e5 saudakino.no. Du betalar ikkje lenger gebyr for \u00e5 kj\u00f8pa kinobillettar p\u00e5 nett. E-billetten blir sendt til e-posten din. Du kan du opna billetten direkte p\u00e5 smarttelefonen din og visa den i d\u00f8ra, eller du kan skriva den ut heime.<\/p>\t\t\t\t\t\t\t\t<\/div>\n\t\t\t\t<\/div>\n\t\t\t\t\t<\/div>\n\t\t<\/div>\n\t\t\t\t<div class=\"elementor-column elementor-col-33 elementor-inner-column elementor-element elementor-element-58b7e58f\" data-id=\"58b7e58f\" data-element_type=\"column\" data-e-type=\"column\">\n\t\t\t<div class=\"elementor-widget-wrap\">\n\t\t\t\t\t\t\t<\/div>\n\t\t<\/div>\n\t\t\t\t\t<\/div>\n\t\t<\/section>\n\t\t\t\t<section class=\"elementor-section elementor-inner-section elementor-element elementor-element-7d479579 elementor-section-boxed elementor-section-height-default elementor-section-height-default\" data-id=\"7d479579\" data-element_type=\"section\" data-e-type=\"section\">\n\t\t\t\t\t\t<div class=\"elementor-container elementor-column-gap-default\">\n\t\t\t\t\t<div class=\"elementor-column elementor-col-33 elementor-inner-column elementor-element elementor-element-44bb7e63\" data-id=\"44bb7e63\" data-element_type=\"column\" data-e-type=\"column\">\n\t\t\t<div class=\"elementor-widget-wrap elementor-element-populated\">\n\t\t\t\t\t\t<div class=\"elementor-element elementor-element-c11ae59 elementor-widget elementor-widget-image\" data-id=\"c11ae59\" data-element_type=\"widget\" data-e-type=\"widget\" data-widget_type=\"image.default\">\n\t\t\t\t<div class=\"elementor-widget-container\">\n\t\t\t\t\t\t\t\t\t\t\t\t\t\t\t<img decoding=\"async\" width=\"640\" height=\"640\" src=\"https:\/\/www.sauda-hybel.no\/ny\/wp-content\/uploads\/2023\/12\/saudakinobygg.webp\" class=\"attachment-large size-large wp-image-18165\" alt=\"\" srcset=\"https:\/\/www.sauda-hybel.no\/ny\/wp-content\/uploads\/2023\/12\/saudakinobygg.webp 640w, https:\/\/www.sauda-hybel.no\/ny\/wp-content\/uploads\/2023\/12\/saudakinobygg-300x300.webp 300w, https:\/\/www.sauda-hybel.no\/ny\/wp-content\/uploads\/2023\/12\/saudakinobygg-150x150.webp 150w, https:\/\/www.sauda-hybel.no\/ny\/wp-content\/uploads\/2023\/12\/saudakinobygg-600x600.webp 600w, https:\/\/www.sauda-hybel.no\/ny\/wp-content\/uploads\/2023\/12\/saudakinobygg-496x496.webp 496w\" sizes=\"(max-width: 640px) 100vw, 640px\" \/>\t\t\t\t\t\t\t\t\t\t\t\t\t\t\t<\/div>\n\t\t\t\t<\/div>\n\t\t\t\t\t<\/div>\n\t\t<\/div>\n\t\t\t\t<div class=\"elementor-column elementor-col-33 elementor-inner-column elementor-element elementor-element-55477fce\" data-id=\"55477fce\" data-element_type=\"column\" data-e-type=\"column\">\n\t\t\t<div class=\"elementor-widget-wrap elementor-element-populated\">\n\t\t\t\t\t\t<div class=\"elementor-element elementor-element-5acd2925 elementor-widget elementor-widget-text-editor\" data-id=\"5acd2925\" data-element_type=\"widget\" data-e-type=\"widget\" data-widget_type=\"text-editor.default\">\n\t\t\t\t<div class=\"elementor-widget-container\">\n\t\t\t\t\t\t\t\t\t<p><span style=\"color: #33beff;\">RULLESTOL:<\/span><br \/>Salen kan nyttast av rullestolbrukarar.<\/p><p><span style=\"color: #33beff;\">LEDSAGERBEVIS:<\/span><br \/>Kinoen aksepterer ledsager mot at du viser ledsagerbevis i billettluka.<\/p><p><span style=\"color: #33beff;\">FACEBOOK:<\/span><br \/>F\u00f8lg oss p\u00e5 <a href=\"https:\/\/www.facebook.com\/Sauda-Kino-201428779894879\/?hc_ref=ARRPIehr4BcyTtXIABwzj1nV3_fuE29JyVlk9FyyEJmbI0Q5RXFKBlqzHLNOLYQKtp8&amp;fref=nf\">Facebook!<\/a><\/p>\t\t\t\t\t\t\t\t<\/div>\n\t\t\t\t<\/div>\n\t\t\t\t<div class=\"elementor-element elementor-element-6c9f444 elementor-widget elementor-widget-text-editor\" data-id=\"6c9f444\" data-element_type=\"widget\" data-e-type=\"widget\" data-widget_type=\"text-editor.default\">\n\t\t\t\t<div class=\"elementor-widget-container\">\n\t\t\t\t\t\t\t\t\t<p><span style=\"color: #33beff;\">KONTAKTINFORMASJON:<\/span><\/p><p>Kulturhusleiar Astrid Espeland<br \/>Telefon 52 78 62 40<br \/>Sauda kommune<\/p><p>Kulturkontoret<br \/>Kyrkjegata 19<br \/>4200 Sauda<\/p>\t\t\t\t\t\t\t\t<\/div>\n\t\t\t\t<\/div>\n\t\t\t\t<div class=\"elementor-element elementor-element-635af021 elementor-align-center elementor-widget elementor-widget-button\" data-id=\"635af021\" data-element_type=\"widget\" data-e-type=\"widget\" data-widget_type=\"button.default\">\n\t\t\t\t<div class=\"elementor-widget-container\">\n\t\t\t\t\t\t\t\t\t<div class=\"elementor-button-wrapper\">\n\t\t\t\t\t<a class=\"elementor-button elementor-button-link elementor-size-lg\" href=\"https:\/\/www.saudakultur.no\/\" target=\"_blank\">\n\t\t\t\t\t\t<span class=\"elementor-button-content-wrapper\">\n\t\t\t\t\t\t<span class=\"elementor-button-icon\">\n\t\t\t\t<i aria-hidden=\"true\" class=\"fas fa-film\"><\/i>\t\t\t<\/span>\n\t\t\t\t\t\t\t\t\t<span class=\"elementor-button-text\">SAUDA KULTUR<\/span>\n\t\t\t\t\t<\/span>\n\t\t\t\t\t<\/a>\n\t\t\t\t<\/div>\n\t\t\t\t\t\t\t\t<\/div>\n\t\t\t\t<\/div>\n\t\t\t\t\t<\/div>\n\t\t<\/div>\n\t\t\t\t<div class=\"elementor-column elementor-col-33 elementor-inner-column elementor-element elementor-element-758c0690\" data-id=\"758c0690\" data-element_type=\"column\" data-e-type=\"column\">\n\t\t\t<div class=\"elementor-widget-wrap\">\n\t\t\t\t\t\t\t<\/div>\n\t\t<\/div>\n\t\t\t\t\t<\/div>\n\t\t<\/section>\n\t\t\t\t\t<\/div>\n\t\t<\/div>\n\t\t\t\t\t<\/div>\n\t\t<\/section>\n\t\t\t\t<section class=\"elementor-section elementor-top-section elementor-element elementor-element-4f75e8a elementor-section-boxed elementor-section-height-default elementor-section-height-default\" data-id=\"4f75e8a\" data-element_type=\"section\" data-e-type=\"section\">\n\t\t\t\t\t\t<div class=\"elementor-container elementor-column-gap-default\">\n\t\t\t\t\t<div class=\"elementor-column elementor-col-100 elementor-top-column elementor-element elementor-element-f651fe3\" data-id=\"f651fe3\" data-element_type=\"column\" data-e-type=\"column\">\n\t\t\t<div class=\"elementor-widget-wrap elementor-element-populated\">\n\t\t\t\t\t\t<div class=\"elementor-element elementor-element-a0049c8 elementor-widget-divider--view-line elementor-widget elementor-widget-divider\" data-id=\"a0049c8\" data-element_type=\"widget\" data-e-type=\"widget\" data-widget_type=\"divider.default\">\n\t\t\t\t<div class=\"elementor-widget-container\">\n\t\t\t\t\t\t\t<div class=\"elementor-divider\">\n\t\t\t<span class=\"elementor-divider-separator\">\n\t\t\t\t\t\t<\/span>\n\t\t<\/div>\n\t\t\t\t\t\t<\/div>\n\t\t\t\t<\/div>\n\t\t\t\t\t<\/div>\n\t\t<\/div>\n\t\t\t\t\t<\/div>\n\t\t<\/section>\n\t\t\t\t<section class=\"elementor-section elementor-top-section elementor-element elementor-element-c514066 elementor-section-boxed elementor-section-height-default elementor-section-height-default\" data-id=\"c514066\" data-element_type=\"section\" data-e-type=\"section\">\n\t\t\t\t\t\t<div class=\"elementor-container elementor-column-gap-default\">\n\t\t\t\t\t<div class=\"elementor-column elementor-col-33 elementor-top-column elementor-element elementor-element-1324cea\" data-id=\"1324cea\" data-element_type=\"column\" data-e-type=\"column\">\n\t\t\t<div class=\"elementor-widget-wrap elementor-element-populated\">\n\t\t\t\t\t\t<div class=\"elementor-element elementor-element-bd8caca elementor-widget elementor-widget-image\" data-id=\"bd8caca\" data-element_type=\"widget\" data-e-type=\"widget\" data-widget_type=\"image.default\">\n\t\t\t\t<div class=\"elementor-widget-container\">\n\t\t\t\t\t\t\t\t\t\t\t\t\t\t\t<img decoding=\"async\" width=\"640\" height=\"320\" src=\"https:\/\/www.sauda-hybel.no\/ny\/wp-content\/uploads\/2023\/12\/FILM1.webp\" class=\"attachment-1536x1536 size-1536x1536 wp-image-18159\" alt=\"\" srcset=\"https:\/\/www.sauda-hybel.no\/ny\/wp-content\/uploads\/2023\/12\/FILM1.webp 640w, https:\/\/www.sauda-hybel.no\/ny\/wp-content\/uploads\/2023\/12\/FILM1-300x150.webp 300w, https:\/\/www.sauda-hybel.no\/ny\/wp-content\/uploads\/2023\/12\/FILM1-496x248.webp 496w\" sizes=\"(max-width: 640px) 100vw, 640px\" \/>\t\t\t\t\t\t\t\t\t\t\t\t\t\t\t<\/div>\n\t\t\t\t<\/div>\n\t\t\t\t\t<\/div>\n\t\t<\/div>\n\t\t\t\t<div class=\"elementor-column elementor-col-33 elementor-top-column elementor-element elementor-element-e7d4304\" data-id=\"e7d4304\" data-element_type=\"column\" data-e-type=\"column\">\n\t\t\t<div class=\"elementor-widget-wrap elementor-element-populated\">\n\t\t\t\t\t\t<div class=\"elementor-element elementor-element-cd64db2 elementor-widget elementor-widget-image\" data-id=\"cd64db2\" data-element_type=\"widget\" data-e-type=\"widget\" data-widget_type=\"image.default\">\n\t\t\t\t<div class=\"elementor-widget-container\">\n\t\t\t\t\t\t\t\t\t\t\t\t\t\t\t<img loading=\"lazy\" decoding=\"async\" width=\"640\" height=\"320\" src=\"https:\/\/www.sauda-hybel.no\/ny\/wp-content\/uploads\/2023\/12\/FILM2.webp\" class=\"attachment-large size-large wp-image-18160\" alt=\"\" srcset=\"https:\/\/www.sauda-hybel.no\/ny\/wp-content\/uploads\/2023\/12\/FILM2.webp 640w, https:\/\/www.sauda-hybel.no\/ny\/wp-content\/uploads\/2023\/12\/FILM2-300x150.webp 300w, https:\/\/www.sauda-hybel.no\/ny\/wp-content\/uploads\/2023\/12\/FILM2-496x248.webp 496w\" sizes=\"(max-width: 640px) 100vw, 640px\" \/>\t\t\t\t\t\t\t\t\t\t\t\t\t\t\t<\/div>\n\t\t\t\t<\/div>\n\t\t\t\t\t<\/div>\n\t\t<\/div>\n\t\t\t\t<div class=\"elementor-column elementor-col-33 elementor-top-column elementor-element elementor-element-842ec74\" data-id=\"842ec74\" data-element_type=\"column\" data-e-type=\"column\">\n\t\t\t<div class=\"elementor-widget-wrap elementor-element-populated\">\n\t\t\t\t\t\t<div class=\"elementor-element elementor-element-dabc003 elementor-widget elementor-widget-image\" data-id=\"dabc003\" data-element_type=\"widget\" data-e-type=\"widget\" data-widget_type=\"image.default\">\n\t\t\t\t<div class=\"elementor-widget-container\">\n\t\t\t\t\t\t\t\t\t\t\t\t\t\t\t<img loading=\"lazy\" decoding=\"async\" width=\"640\" height=\"320\" src=\"https:\/\/www.sauda-hybel.no\/ny\/wp-content\/uploads\/2023\/12\/FILM3.webp\" class=\"attachment-large size-large wp-image-18161\" alt=\"\" srcset=\"https:\/\/www.sauda-hybel.no\/ny\/wp-content\/uploads\/2023\/12\/FILM3.webp 640w, https:\/\/www.sauda-hybel.no\/ny\/wp-content\/uploads\/2023\/12\/FILM3-300x150.webp 300w, https:\/\/www.sauda-hybel.no\/ny\/wp-content\/uploads\/2023\/12\/FILM3-496x248.webp 496w\" sizes=\"(max-width: 640px) 100vw, 640px\" \/>\t\t\t\t\t\t\t\t\t\t\t\t\t\t\t<\/div>\n\t\t\t\t<\/div>\n\t\t\t\t\t<\/div>\n\t\t<\/div>\n\t\t\t\t\t<\/div>\n\t\t<\/section>\n\t\t\t\t<section class=\"elementor-section elementor-top-section elementor-element elementor-element-72128d1f elementor-section-boxed elementor-section-height-default elementor-section-height-default\" data-id=\"72128d1f\" data-element_type=\"section\" data-e-type=\"section\" data-settings=\"{&quot;shape_divider_bottom&quot;:&quot;opacity-fan&quot;}\">\n\t\t\t\t\t<div class=\"elementor-shape elementor-shape-bottom\" aria-hidden=\"true\" data-negative=\"false\">\n\t\t\t<svg xmlns=\"http:\/\/www.w3.org\/2000\/svg\" viewBox=\"0 0 283.5 19.6\" preserveAspectRatio=\"none\">\n\t<path class=\"elementor-shape-fill\" style=\"opacity:0.33\" d=\"M0 0L0 18.8 141.8 4.1 283.5 18.8 283.5 0z\"\/>\n\t<path class=\"elementor-shape-fill\" style=\"opacity:0.33\" d=\"M0 0L0 12.6 141.8 4 283.5 12.6 283.5 0z\"\/>\n\t<path class=\"elementor-shape-fill\" style=\"opacity:0.33\" d=\"M0 0L0 6.4 141.8 4 283.5 6.4 283.5 0z\"\/>\n\t<path class=\"elementor-shape-fill\" d=\"M0 0L0 1.2 141.8 4 283.5 1.2 283.5 0z\"\/>\n<\/svg>\t\t<\/div>\n\t\t\t\t\t<div class=\"elementor-container elementor-column-gap-default\">\n\t\t\t\t\t<div class=\"elementor-column elementor-col-100 elementor-top-column elementor-element elementor-element-763bce16\" data-id=\"763bce16\" data-element_type=\"column\" data-e-type=\"column\">\n\t\t\t<div class=\"elementor-widget-wrap elementor-element-populated\">\n\t\t\t\t\t\t<div class=\"elementor-element elementor-element-60980e7d elementor-widget elementor-widget-spacer\" data-id=\"60980e7d\" data-element_type=\"widget\" data-e-type=\"widget\" data-widget_type=\"spacer.default\">\n\t\t\t\t<div class=\"elementor-widget-container\">\n\t\t\t\t\t\t\t<div class=\"elementor-spacer\">\n\t\t\t<div class=\"elementor-spacer-inner\"><\/div>\n\t\t<\/div>\n\t\t\t\t\t\t<\/div>\n\t\t\t\t<\/div>\n\t\t\t\t\t<\/div>\n\t\t<\/div>\n\t\t\t\t\t<\/div>\n\t\t<\/section>\n\t\t\t\t<\/div>\n\t\t","protected":false},"excerpt":{"rendered":"<p>SAUDA KINO Sauda kino har vore i drift sidan 1940. Kinoen ligg i Kyrkjegata 19 og er ein del av r\u00e5dhuset i Sauda. Kinosalen har 199 stolar og kan i tillegg til filmframvising leigast for \u00e5 halda foredrag og framsyningar. I foajeen finn du kiosk med sal av popcorn, mineralvatn og diverse godteri. Billettar kan [&hellip;]<\/p>\n","protected":false},"author":1,"featured_media":0,"parent":0,"menu_order":0,"comment_status":"closed","ping_status":"closed","template":"elementor_header_footer","meta":{"footnotes":""},"class_list":["post-18153","page","type-page","status-publish","hentry"],"_links":{"self":[{"href":"https:\/\/www.sauda-hybel.no\/ny\/wp-json\/wp\/v2\/pages\/18153","targetHints":{"allow":["GET"]}}],"collection":[{"href":"https:\/\/www.sauda-hybel.no\/ny\/wp-json\/wp\/v2\/pages"}],"about":[{"href":"https:\/\/www.sauda-hybel.no\/ny\/wp-json\/wp\/v2\/types\/page"}],"author":[{"embeddable":true,"href":"https:\/\/www.sauda-hybel.no\/ny\/wp-json\/wp\/v2\/users\/1"}],"replies":[{"embeddable":true,"href":"https:\/\/www.sauda-hybel.no\/ny\/wp-json\/wp\/v2\/comments?post=18153"}],"version-history":[{"count":0,"href":"https:\/\/www.sauda-hybel.no\/ny\/wp-json\/wp\/v2\/pages\/18153\/revisions"}],"wp:attachment":[{"href":"https:\/\/www.sauda-hybel.no\/ny\/wp-json\/wp\/v2\/media?parent=18153"}],"curies":[{"name":"wp","href":"https:\/\/api.w.org\/{rel}","templated":true}]}}