{"id":18196,"date":"2023-12-03T21:51:36","date_gmt":"2023-12-03T19:51:36","guid":{"rendered":"https:\/\/www.sauda-hybel.no\/ny\/?page_id=18196"},"modified":"2023-12-03T22:31:46","modified_gmt":"2023-12-03T20:31:46","slug":"andre-aktiviteter","status":"publish","type":"page","link":"https:\/\/www.sauda-hybel.no\/ny\/andre-aktiviteter\/","title":{"rendered":"Andre aktiviteter"},"content":{"rendered":"\t\t<div data-elementor-type=\"wp-page\" data-elementor-id=\"18196\" class=\"elementor elementor-18196\">\n\t\t\t\t\t\t<section class=\"elementor-section elementor-top-section elementor-element elementor-element-291c0d40 elementor-section-height-min-height animated-slow elementor-section-boxed elementor-section-height-default elementor-section-items-middle elementor-invisible\" data-id=\"291c0d40\" data-element_type=\"section\" data-e-type=\"section\" data-settings=\"{&quot;background_background&quot;:&quot;classic&quot;,&quot;animation&quot;:&quot;fadeIn&quot;,&quot;shape_divider_bottom&quot;:&quot;opacity-tilt&quot;}\">\n\t\t\t\t\t\t\t<div class=\"elementor-background-overlay\"><\/div>\n\t\t\t\t\t\t<div class=\"elementor-shape elementor-shape-bottom\" aria-hidden=\"true\" data-negative=\"false\">\n\t\t\t<svg xmlns=\"http:\/\/www.w3.org\/2000\/svg\" viewBox=\"0 0 2600 131.1\" preserveAspectRatio=\"none\">\n\t<path class=\"elementor-shape-fill\" d=\"M0 0L2600 0 2600 69.1 0 0z\"\/>\n\t<path class=\"elementor-shape-fill\" style=\"opacity:0.5\" d=\"M0 0L2600 0 2600 69.1 0 69.1z\"\/>\n\t<path class=\"elementor-shape-fill\" style=\"opacity:0.25\" d=\"M2600 0L0 0 0 130.1 2600 69.1z\"\/>\n<\/svg>\t\t<\/div>\n\t\t\t\t\t<div class=\"elementor-container elementor-column-gap-default\">\n\t\t\t\t\t<div class=\"elementor-column elementor-col-100 elementor-top-column elementor-element elementor-element-2ef5dc66\" data-id=\"2ef5dc66\" data-element_type=\"column\" data-e-type=\"column\">\n\t\t\t<div class=\"elementor-widget-wrap elementor-element-populated\">\n\t\t\t\t\t\t<div class=\"elementor-element elementor-element-104a05ab elementor-invisible elementor-widget elementor-widget-heading\" data-id=\"104a05ab\" data-element_type=\"widget\" data-e-type=\"widget\" data-settings=\"{&quot;_animation&quot;:&quot;slideInLeft&quot;}\" data-widget_type=\"heading.default\">\n\t\t\t\t<div class=\"elementor-widget-container\">\n\t\t\t\t\t<h1 class=\"elementor-heading-title elementor-size-default\">AKTIVITETER I SAUDA<\/h1>\t\t\t\t<\/div>\n\t\t\t\t<\/div>\n\t\t\t\t\t<\/div>\n\t\t<\/div>\n\t\t\t\t\t<\/div>\n\t\t<\/section>\n\t\t\t\t<section class=\"elementor-section elementor-top-section elementor-element elementor-element-9abc80f elementor-section-boxed elementor-section-height-default elementor-section-height-default\" data-id=\"9abc80f\" data-element_type=\"section\" data-e-type=\"section\">\n\t\t\t\t\t\t<div class=\"elementor-container elementor-column-gap-default\">\n\t\t\t\t\t<div class=\"elementor-column elementor-col-100 elementor-top-column elementor-element elementor-element-4aade79a\" data-id=\"4aade79a\" data-element_type=\"column\" data-e-type=\"column\">\n\t\t\t<div class=\"elementor-widget-wrap elementor-element-populated\">\n\t\t\t\t\t\t<div class=\"elementor-element elementor-element-7d3dfa63 elementor-widget elementor-widget-spacer\" data-id=\"7d3dfa63\" data-element_type=\"widget\" data-e-type=\"widget\" data-widget_type=\"spacer.default\">\n\t\t\t\t<div class=\"elementor-widget-container\">\n\t\t\t\t\t\t\t<div class=\"elementor-spacer\">\n\t\t\t<div class=\"elementor-spacer-inner\"><\/div>\n\t\t<\/div>\n\t\t\t\t\t\t<\/div>\n\t\t\t\t<\/div>\n\t\t\t\t\t<\/div>\n\t\t<\/div>\n\t\t\t\t\t<\/div>\n\t\t<\/section>\n\t\t\t\t<section class=\"elementor-section elementor-top-section elementor-element elementor-element-c2b8d0 elementor-section-boxed elementor-section-height-default elementor-section-height-default\" data-id=\"c2b8d0\" data-element_type=\"section\" data-e-type=\"section\">\n\t\t\t\t\t\t<div class=\"elementor-container elementor-column-gap-default\">\n\t\t\t\t\t<div class=\"elementor-column elementor-col-100 elementor-top-column elementor-element elementor-element-209839b7\" data-id=\"209839b7\" data-element_type=\"column\" data-e-type=\"column\">\n\t\t\t<div class=\"elementor-widget-wrap elementor-element-populated\">\n\t\t\t\t\t\t<section class=\"elementor-section elementor-inner-section elementor-element elementor-element-15d022e2 elementor-section-boxed elementor-section-height-default elementor-section-height-default\" data-id=\"15d022e2\" data-element_type=\"section\" data-e-type=\"section\">\n\t\t\t\t\t\t<div class=\"elementor-container elementor-column-gap-default\">\n\t\t\t\t\t<div class=\"elementor-column elementor-col-33 elementor-inner-column elementor-element elementor-element-67978f57\" data-id=\"67978f57\" data-element_type=\"column\" data-e-type=\"column\">\n\t\t\t<div class=\"elementor-widget-wrap\">\n\t\t\t\t\t\t\t<\/div>\n\t\t<\/div>\n\t\t\t\t<div class=\"elementor-column elementor-col-33 elementor-inner-column elementor-element elementor-element-650eedbc\" data-id=\"650eedbc\" data-element_type=\"column\" data-e-type=\"column\">\n\t\t\t<div class=\"elementor-widget-wrap elementor-element-populated\">\n\t\t\t\t\t\t<div class=\"elementor-element elementor-element-4956a340 elementor-widget elementor-widget-text-editor\" data-id=\"4956a340\" data-element_type=\"widget\" data-e-type=\"widget\" data-widget_type=\"text-editor.default\">\n\t\t\t\t<div class=\"elementor-widget-container\">\n\t\t\t\t\t\t\t\t\t<p><span style=\"color: #33beff;\">Golf:<\/span><br \/>Sauda Golfklubb sin golfbane p\u00e5 Gr\u00f8nsdal sto ferdig v\u00e5ren 2008. Banen er en 9-hullsbane og ligger naturskj\u00f8nt til, sentralt plassert like utenfor Sauda sentrum. N\u00e6rheten til b\u00e5thavn, naturstiomr\u00e5de, overnattingssteder og badeplasser gj\u00f8r dette til en unik golfbane Rogaland. Tenk deg en v\u00e5rdag med utsikt over fjordlandskapet, gr\u00f8nne lier og ikke minst sn\u00f8kledde topper som Hovlandsnuten og Reinsnuten som troner mot den bl\u00e5 himmelen. Les mer p\u00e5 Sauda Golfklubb sine hjemmesider.<\/p>\t\t\t\t\t\t\t\t<\/div>\n\t\t\t\t<\/div>\n\t\t\t\t<div class=\"elementor-element elementor-element-36eb9835 elementor-widget elementor-widget-spacer\" data-id=\"36eb9835\" data-element_type=\"widget\" data-e-type=\"widget\" data-widget_type=\"spacer.default\">\n\t\t\t\t<div class=\"elementor-widget-container\">\n\t\t\t\t\t\t\t<div class=\"elementor-spacer\">\n\t\t\t<div class=\"elementor-spacer-inner\"><\/div>\n\t\t<\/div>\n\t\t\t\t\t\t<\/div>\n\t\t\t\t<\/div>\n\t\t\t\t\t<\/div>\n\t\t<\/div>\n\t\t\t\t<div class=\"elementor-column elementor-col-33 elementor-inner-column elementor-element elementor-element-52fe757d\" data-id=\"52fe757d\" data-element_type=\"column\" data-e-type=\"column\">\n\t\t\t<div class=\"elementor-widget-wrap\">\n\t\t\t\t\t\t\t<\/div>\n\t\t<\/div>\n\t\t\t\t\t<\/div>\n\t\t<\/section>\n\t\t\t\t<div class=\"elementor-element elementor-element-112bf75e elementor-widget elementor-widget-image\" data-id=\"112bf75e\" data-element_type=\"widget\" data-e-type=\"widget\" data-widget_type=\"image.default\">\n\t\t\t\t<div class=\"elementor-widget-container\">\n\t\t\t\t\t\t\t\t\t\t\t\t\t\t\t<img fetchpriority=\"high\" decoding=\"async\" width=\"1000\" height=\"648\" src=\"https:\/\/www.sauda-hybel.no\/ny\/wp-content\/uploads\/2023\/12\/sykkel.webp\" class=\"attachment-large size-large wp-image-18200\" alt=\"\" srcset=\"https:\/\/www.sauda-hybel.no\/ny\/wp-content\/uploads\/2023\/12\/sykkel.webp 1000w, https:\/\/www.sauda-hybel.no\/ny\/wp-content\/uploads\/2023\/12\/sykkel-300x194.webp 300w, https:\/\/www.sauda-hybel.no\/ny\/wp-content\/uploads\/2023\/12\/sykkel-768x498.webp 768w, https:\/\/www.sauda-hybel.no\/ny\/wp-content\/uploads\/2023\/12\/sykkel-926x600.webp 926w, https:\/\/www.sauda-hybel.no\/ny\/wp-content\/uploads\/2023\/12\/sykkel-496x321.webp 496w\" sizes=\"(max-width: 1000px) 100vw, 1000px\" \/>\t\t\t\t\t\t\t\t\t\t\t\t\t\t\t<\/div>\n\t\t\t\t<\/div>\n\t\t\t\t<section class=\"elementor-section elementor-inner-section elementor-element elementor-element-5b218a4d elementor-section-boxed elementor-section-height-default elementor-section-height-default\" data-id=\"5b218a4d\" data-element_type=\"section\" data-e-type=\"section\">\n\t\t\t\t\t\t<div class=\"elementor-container elementor-column-gap-default\">\n\t\t\t\t\t<div class=\"elementor-column elementor-col-33 elementor-inner-column elementor-element elementor-element-aa703ac\" data-id=\"aa703ac\" data-element_type=\"column\" data-e-type=\"column\">\n\t\t\t<div class=\"elementor-widget-wrap\">\n\t\t\t\t\t\t\t<\/div>\n\t\t<\/div>\n\t\t\t\t<div class=\"elementor-column elementor-col-33 elementor-inner-column elementor-element elementor-element-4f2f6a99\" data-id=\"4f2f6a99\" data-element_type=\"column\" data-e-type=\"column\">\n\t\t\t<div class=\"elementor-widget-wrap elementor-element-populated\">\n\t\t\t\t\t\t<div class=\"elementor-element elementor-element-5edb8425 elementor-widget elementor-widget-text-editor\" data-id=\"5edb8425\" data-element_type=\"widget\" data-e-type=\"widget\" data-widget_type=\"text-editor.default\">\n\t\t\t\t<div class=\"elementor-widget-container\">\n\t\t\t\t\t\t\t\t\t<p><span style=\"color: #33beff;\">Sauda har mange aktiviteter for store og sm\u00e5, unge og gamle. Her er bare et utvalg av Sauda har \u00e5 tilby.<\/span><\/p>\t\t\t\t\t\t\t\t<\/div>\n\t\t\t\t<\/div>\n\t\t\t\t<div class=\"elementor-element elementor-element-3408a08c elementor-widget-divider--view-line elementor-widget elementor-widget-divider\" data-id=\"3408a08c\" data-element_type=\"widget\" data-e-type=\"widget\" data-widget_type=\"divider.default\">\n\t\t\t\t<div class=\"elementor-widget-container\">\n\t\t\t\t\t\t\t<div class=\"elementor-divider\">\n\t\t\t<span class=\"elementor-divider-separator\">\n\t\t\t\t\t\t<\/span>\n\t\t<\/div>\n\t\t\t\t\t\t<\/div>\n\t\t\t\t<\/div>\n\t\t\t\t<div class=\"elementor-element elementor-element-1dcbf3f9 elementor-widget elementor-widget-text-editor\" data-id=\"1dcbf3f9\" data-element_type=\"widget\" data-e-type=\"widget\" data-widget_type=\"text-editor.default\">\n\t\t\t\t<div class=\"elementor-widget-container\">\n\t\t\t\t\t\t\t\t\t<p><span style=\"color: #33beff;\">Sykkelutleie:<\/span><br \/>Sauda Fjord Camping og Kl\u00f8ver Hotel leier ut sykler (voksen sykler). Syklene er utstyrt med dekk som passer b\u00e5de for asfalt og grus, samt st\u00f8tdemper som kan l\u00e5ses av ved behov (inkludert hjelm og l\u00e5s).<\/p><p>Sp\u00f8r oss om r\u00e5d for fine sykkelturer i og rundt Sauda<\/p><p>Sauda Kommune har 10 el sykler til utleie og disse er plassert p\u00e5 Kundetorget, Intersport Sauda, Kl\u00f8ver Hotel og Sauda Fjordhotell. For \u00e5 kunne l\u00e5ne syklene m\u00e5 du v\u00e6re over 18 \u00e5r. Du m\u00e5 lese og samtykke i retningslinjene for \u00e5 l\u00e5ne sykkelen, samt underskrive et avtaleskjema. Syklene l\u00e5nes ut og tilbakeleveres i \u00e5pningstiden. Kan l\u00e5nes for maks en uke.<\/p>\t\t\t\t\t\t\t\t<\/div>\n\t\t\t\t<\/div>\n\t\t\t\t\t<\/div>\n\t\t<\/div>\n\t\t\t\t<div class=\"elementor-column elementor-col-33 elementor-inner-column elementor-element elementor-element-540ebe32\" data-id=\"540ebe32\" data-element_type=\"column\" data-e-type=\"column\">\n\t\t\t<div class=\"elementor-widget-wrap\">\n\t\t\t\t\t\t\t<\/div>\n\t\t<\/div>\n\t\t\t\t\t<\/div>\n\t\t<\/section>\n\t\t\t\t<section class=\"elementor-section elementor-inner-section elementor-element elementor-element-554ed9ba elementor-section-boxed elementor-section-height-default elementor-section-height-default\" data-id=\"554ed9ba\" data-element_type=\"section\" data-e-type=\"section\">\n\t\t\t\t\t\t<div class=\"elementor-container elementor-column-gap-default\">\n\t\t\t\t\t<div class=\"elementor-column elementor-col-33 elementor-inner-column elementor-element elementor-element-71fcb04\" data-id=\"71fcb04\" data-element_type=\"column\" data-e-type=\"column\">\n\t\t\t<div class=\"elementor-widget-wrap elementor-element-populated\">\n\t\t\t\t\t\t<div class=\"elementor-element elementor-element-68d4beee e-transform elementor-widget elementor-widget-image\" data-id=\"68d4beee\" data-element_type=\"widget\" data-e-type=\"widget\" data-settings=\"{&quot;_transform_skewX_effect_hover&quot;:{&quot;unit&quot;:&quot;px&quot;,&quot;size&quot;:5,&quot;sizes&quot;:[]},&quot;_transform_skewY_effect_hover&quot;:{&quot;unit&quot;:&quot;px&quot;,&quot;size&quot;:-5,&quot;sizes&quot;:[]},&quot;_transform_skewX_effect_hover_tablet&quot;:{&quot;unit&quot;:&quot;deg&quot;,&quot;size&quot;:&quot;&quot;,&quot;sizes&quot;:[]},&quot;_transform_skewX_effect_hover_mobile&quot;:{&quot;unit&quot;:&quot;deg&quot;,&quot;size&quot;:&quot;&quot;,&quot;sizes&quot;:[]},&quot;_transform_skewY_effect_hover_tablet&quot;:{&quot;unit&quot;:&quot;deg&quot;,&quot;size&quot;:&quot;&quot;,&quot;sizes&quot;:[]},&quot;_transform_skewY_effect_hover_mobile&quot;:{&quot;unit&quot;:&quot;deg&quot;,&quot;size&quot;:&quot;&quot;,&quot;sizes&quot;:[]}}\" data-widget_type=\"image.default\">\n\t\t\t\t<div class=\"elementor-widget-container\">\n\t\t\t\t\t\t\t\t\t\t\t\t<figure class=\"wp-caption\">\n\t\t\t\t\t\t\t\t\t\t<img decoding=\"async\" width=\"1024\" height=\"683\" src=\"https:\/\/www.sauda-hybel.no\/ny\/wp-content\/uploads\/2023\/12\/kano-i-sauda-1024x683.jpg\" class=\"attachment-large size-large wp-image-18201\" alt=\"\" srcset=\"https:\/\/www.sauda-hybel.no\/ny\/wp-content\/uploads\/2023\/12\/kano-i-sauda-1024x683.jpg 1024w, https:\/\/www.sauda-hybel.no\/ny\/wp-content\/uploads\/2023\/12\/kano-i-sauda-300x200.jpg 300w, https:\/\/www.sauda-hybel.no\/ny\/wp-content\/uploads\/2023\/12\/kano-i-sauda-768x512.jpg 768w, https:\/\/www.sauda-hybel.no\/ny\/wp-content\/uploads\/2023\/12\/kano-i-sauda-1536x1024.jpg 1536w, https:\/\/www.sauda-hybel.no\/ny\/wp-content\/uploads\/2023\/12\/kano-i-sauda-900x600.jpg 900w, https:\/\/www.sauda-hybel.no\/ny\/wp-content\/uploads\/2023\/12\/kano-i-sauda-496x331.jpg 496w, https:\/\/www.sauda-hybel.no\/ny\/wp-content\/uploads\/2023\/12\/kano-i-sauda.jpg 2048w\" sizes=\"(max-width: 1024px) 100vw, 1024px\" \/>\t\t\t\t\t\t\t\t\t\t\t<figcaption class=\"widget-image-caption wp-caption-text\"><\/figcaption>\n\t\t\t\t\t\t\t\t\t\t<\/figure>\n\t\t\t\t\t\t\t\t\t<\/div>\n\t\t\t\t<\/div>\n\t\t\t\t\t<\/div>\n\t\t<\/div>\n\t\t\t\t<div class=\"elementor-column elementor-col-33 elementor-inner-column elementor-element elementor-element-276fef21\" data-id=\"276fef21\" data-element_type=\"column\" data-e-type=\"column\">\n\t\t\t<div class=\"elementor-widget-wrap elementor-element-populated\">\n\t\t\t\t\t\t<div class=\"elementor-element elementor-element-71652da7 elementor-widget elementor-widget-text-editor\" data-id=\"71652da7\" data-element_type=\"widget\" data-e-type=\"widget\" data-widget_type=\"text-editor.default\">\n\t\t\t\t<div class=\"elementor-widget-container\">\n\t\t\t\t\t\t\t\t\t<p><span style=\"color: #33beff;\">Sykkelutleie:<\/span><br \/>Sauda Fjord Camping og Kl\u00f8ver Hotel leier ut sykler (voksen sykler). Syklene er utstyrt med dekk som passer b\u00e5de for asfalt og grus, samt st\u00f8tdemper som kan l\u00e5ses av ved behov (inkludert hjelm og l\u00e5s).<\/p><p>Sp\u00f8r oss om r\u00e5d for fine sykkelturer i og rundt Sauda<\/p><p>Sauda Kommune har 10 el sykler til utleie og disse er plassert p\u00e5 Kundetorget, Intersport Sauda, Kl\u00f8ver Hotel og Sauda Fjordhotell. For \u00e5 kunne l\u00e5ne syklene m\u00e5 du v\u00e6re over 18 \u00e5r. Du m\u00e5 lese og samtykke i retningslinjene for \u00e5 l\u00e5ne sykkelen, samt underskrive et avtaleskjema. Syklene l\u00e5nes ut og tilbakeleveres i \u00e5pningstiden. Kan l\u00e5nes for maks en uke.<\/p>\t\t\t\t\t\t\t\t<\/div>\n\t\t\t\t<\/div>\n\t\t\t\t\t<\/div>\n\t\t<\/div>\n\t\t\t\t<div class=\"elementor-column elementor-col-33 elementor-inner-column elementor-element elementor-element-71138e13\" data-id=\"71138e13\" data-element_type=\"column\" data-e-type=\"column\">\n\t\t\t<div class=\"elementor-widget-wrap\">\n\t\t\t\t\t\t\t<\/div>\n\t\t<\/div>\n\t\t\t\t\t<\/div>\n\t\t<\/section>\n\t\t\t\t<div class=\"elementor-element elementor-element-e42046d elementor-widget elementor-widget-text-editor\" data-id=\"e42046d\" data-element_type=\"widget\" data-e-type=\"widget\" data-widget_type=\"text-editor.default\">\n\t\t\t\t<div class=\"elementor-widget-container\">\n\t\t\t\t\t\t\t\t\t<p><span style=\"color: #33beff;\">Kanopadling:<\/span><br \/>Turistinformasjonen,som er lokalisert i Kraft Kafe p\u00e5 Folkets Hus, har to kanoer for utleie p\u00e5 Vetrhusvatnet, en cirka 8 kilometer lang biltur fra Sauda sentrum og langs \u00f8stsiden av fjorden.<br \/>Kanoene er innel\u00e5st i eget naust. N\u00f8kkel f\u00e5s utlevert p\u00e5 turistkontoret. Pris 150 per dag.<\/p>\t\t\t\t\t\t\t\t<\/div>\n\t\t\t\t<\/div>\n\t\t\t\t\t<\/div>\n\t\t<\/div>\n\t\t\t\t\t<\/div>\n\t\t<\/section>\n\t\t\t\t<section class=\"elementor-section elementor-top-section elementor-element elementor-element-385372e elementor-section-boxed elementor-section-height-default elementor-section-height-default\" data-id=\"385372e\" data-element_type=\"section\" data-e-type=\"section\">\n\t\t\t\t\t\t<div class=\"elementor-container elementor-column-gap-default\">\n\t\t\t\t\t<div class=\"elementor-column elementor-col-100 elementor-top-column elementor-element elementor-element-28b3777\" data-id=\"28b3777\" data-element_type=\"column\" data-e-type=\"column\">\n\t\t\t<div class=\"elementor-widget-wrap elementor-element-populated\">\n\t\t\t\t\t\t<div class=\"elementor-element elementor-element-b72a5ba elementor-widget-divider--view-line elementor-widget elementor-widget-divider\" data-id=\"b72a5ba\" data-element_type=\"widget\" data-e-type=\"widget\" data-widget_type=\"divider.default\">\n\t\t\t\t<div class=\"elementor-widget-container\">\n\t\t\t\t\t\t\t<div class=\"elementor-divider\">\n\t\t\t<span class=\"elementor-divider-separator\">\n\t\t\t\t\t\t<\/span>\n\t\t<\/div>\n\t\t\t\t\t\t<\/div>\n\t\t\t\t<\/div>\n\t\t\t\t\t<\/div>\n\t\t<\/div>\n\t\t\t\t\t<\/div>\n\t\t<\/section>\n\t\t\t\t<section class=\"elementor-section elementor-top-section elementor-element elementor-element-80007a0 elementor-section-boxed elementor-section-height-default elementor-section-height-default\" data-id=\"80007a0\" data-element_type=\"section\" data-e-type=\"section\">\n\t\t\t\t\t\t<div class=\"elementor-container elementor-column-gap-default\">\n\t\t\t\t\t<div class=\"elementor-column elementor-col-33 elementor-top-column elementor-element elementor-element-21221b2\" data-id=\"21221b2\" data-element_type=\"column\" data-e-type=\"column\">\n\t\t\t<div class=\"elementor-widget-wrap elementor-element-populated\">\n\t\t\t\t\t\t<div class=\"elementor-element elementor-element-20a2984 elementor-widget elementor-widget-image\" data-id=\"20a2984\" data-element_type=\"widget\" data-e-type=\"widget\" data-widget_type=\"image.default\">\n\t\t\t\t<div class=\"elementor-widget-container\">\n\t\t\t\t\t\t\t\t\t\t\t\t\t\t\t<img decoding=\"async\" width=\"300\" height=\"199\" src=\"https:\/\/www.sauda-hybel.no\/ny\/wp-content\/uploads\/2023\/12\/golf.jpg\" class=\"attachment-large size-large wp-image-18202\" alt=\"\" srcset=\"\" \/>\t\t\t\t\t\t\t\t\t\t\t\t\t\t\t<\/div>\n\t\t\t\t<\/div>\n\t\t\t\t\t<\/div>\n\t\t<\/div>\n\t\t\t\t<div class=\"elementor-column elementor-col-33 elementor-top-column elementor-element elementor-element-894fcd5\" data-id=\"894fcd5\" data-element_type=\"column\" data-e-type=\"column\">\n\t\t\t<div class=\"elementor-widget-wrap elementor-element-populated\">\n\t\t\t\t\t\t<div class=\"elementor-element elementor-element-edcc67a elementor-widget elementor-widget-image\" data-id=\"edcc67a\" data-element_type=\"widget\" data-e-type=\"widget\" data-widget_type=\"image.default\">\n\t\t\t\t<div class=\"elementor-widget-container\">\n\t\t\t\t\t\t\t\t\t\t\t\t\t\t\t<img loading=\"lazy\" decoding=\"async\" width=\"300\" height=\"199\" src=\"https:\/\/www.sauda-hybel.no\/ny\/wp-content\/uploads\/2023\/12\/sykkel.jpg\" class=\"attachment-large size-large wp-image-18204\" alt=\"\" srcset=\"\" \/>\t\t\t\t\t\t\t\t\t\t\t\t\t\t\t<\/div>\n\t\t\t\t<\/div>\n\t\t\t\t\t<\/div>\n\t\t<\/div>\n\t\t\t\t<div class=\"elementor-column elementor-col-33 elementor-top-column elementor-element elementor-element-61614a0\" data-id=\"61614a0\" data-element_type=\"column\" data-e-type=\"column\">\n\t\t\t<div class=\"elementor-widget-wrap elementor-element-populated\">\n\t\t\t\t\t\t<div class=\"elementor-element elementor-element-fbcdeea elementor-widget elementor-widget-image\" data-id=\"fbcdeea\" data-element_type=\"widget\" data-e-type=\"widget\" data-widget_type=\"image.default\">\n\t\t\t\t<div class=\"elementor-widget-container\">\n\t\t\t\t\t\t\t\t\t\t\t\t\t\t\t<img loading=\"lazy\" decoding=\"async\" width=\"300\" height=\"199\" src=\"https:\/\/www.sauda-hybel.no\/ny\/wp-content\/uploads\/2023\/12\/kano.jpg\" class=\"attachment-large size-large wp-image-18203\" alt=\"\" srcset=\"\" \/>\t\t\t\t\t\t\t\t\t\t\t\t\t\t\t<\/div>\n\t\t\t\t<\/div>\n\t\t\t\t\t<\/div>\n\t\t<\/div>\n\t\t\t\t\t<\/div>\n\t\t<\/section>\n\t\t\t\t<section class=\"elementor-section elementor-top-section elementor-element elementor-element-681530bc elementor-section-boxed elementor-section-height-default elementor-section-height-default\" data-id=\"681530bc\" data-element_type=\"section\" data-e-type=\"section\" data-settings=\"{&quot;shape_divider_bottom&quot;:&quot;opacity-fan&quot;}\">\n\t\t\t\t\t<div class=\"elementor-shape elementor-shape-bottom\" aria-hidden=\"true\" data-negative=\"false\">\n\t\t\t<svg xmlns=\"http:\/\/www.w3.org\/2000\/svg\" viewBox=\"0 0 283.5 19.6\" preserveAspectRatio=\"none\">\n\t<path class=\"elementor-shape-fill\" style=\"opacity:0.33\" d=\"M0 0L0 18.8 141.8 4.1 283.5 18.8 283.5 0z\"\/>\n\t<path class=\"elementor-shape-fill\" style=\"opacity:0.33\" d=\"M0 0L0 12.6 141.8 4 283.5 12.6 283.5 0z\"\/>\n\t<path class=\"elementor-shape-fill\" style=\"opacity:0.33\" d=\"M0 0L0 6.4 141.8 4 283.5 6.4 283.5 0z\"\/>\n\t<path class=\"elementor-shape-fill\" d=\"M0 0L0 1.2 141.8 4 283.5 1.2 283.5 0z\"\/>\n<\/svg>\t\t<\/div>\n\t\t\t\t\t<div class=\"elementor-container elementor-column-gap-default\">\n\t\t\t\t\t<div class=\"elementor-column elementor-col-100 elementor-top-column elementor-element elementor-element-71638f77\" data-id=\"71638f77\" data-element_type=\"column\" data-e-type=\"column\">\n\t\t\t<div class=\"elementor-widget-wrap elementor-element-populated\">\n\t\t\t\t\t\t<div class=\"elementor-element elementor-element-a254403 elementor-widget elementor-widget-spacer\" data-id=\"a254403\" data-element_type=\"widget\" data-e-type=\"widget\" data-widget_type=\"spacer.default\">\n\t\t\t\t<div class=\"elementor-widget-container\">\n\t\t\t\t\t\t\t<div class=\"elementor-spacer\">\n\t\t\t<div class=\"elementor-spacer-inner\"><\/div>\n\t\t<\/div>\n\t\t\t\t\t\t<\/div>\n\t\t\t\t<\/div>\n\t\t\t\t\t<\/div>\n\t\t<\/div>\n\t\t\t\t\t<\/div>\n\t\t<\/section>\n\t\t\t\t<\/div>\n\t\t","protected":false},"excerpt":{"rendered":"<p>AKTIVITETER I SAUDA Golf:Sauda Golfklubb sin golfbane p\u00e5 Gr\u00f8nsdal sto ferdig v\u00e5ren 2008. Banen er en 9-hullsbane og ligger naturskj\u00f8nt til, sentralt plassert like utenfor Sauda sentrum. N\u00e6rheten til b\u00e5thavn, naturstiomr\u00e5de, overnattingssteder og badeplasser gj\u00f8r dette til en unik golfbane Rogaland. Tenk deg en v\u00e5rdag med utsikt over fjordlandskapet, gr\u00f8nne lier og ikke minst sn\u00f8kledde [&hellip;]<\/p>\n","protected":false},"author":1,"featured_media":0,"parent":0,"menu_order":0,"comment_status":"closed","ping_status":"closed","template":"elementor_header_footer","meta":{"footnotes":""},"class_list":["post-18196","page","type-page","status-publish","hentry"],"_links":{"self":[{"href":"https:\/\/www.sauda-hybel.no\/ny\/wp-json\/wp\/v2\/pages\/18196","targetHints":{"allow":["GET"]}}],"collection":[{"href":"https:\/\/www.sauda-hybel.no\/ny\/wp-json\/wp\/v2\/pages"}],"about":[{"href":"https:\/\/www.sauda-hybel.no\/ny\/wp-json\/wp\/v2\/types\/page"}],"author":[{"embeddable":true,"href":"https:\/\/www.sauda-hybel.no\/ny\/wp-json\/wp\/v2\/users\/1"}],"replies":[{"embeddable":true,"href":"https:\/\/www.sauda-hybel.no\/ny\/wp-json\/wp\/v2\/comments?post=18196"}],"version-history":[{"count":0,"href":"https:\/\/www.sauda-hybel.no\/ny\/wp-json\/wp\/v2\/pages\/18196\/revisions"}],"wp:attachment":[{"href":"https:\/\/www.sauda-hybel.no\/ny\/wp-json\/wp\/v2\/media?parent=18196"}],"curies":[{"name":"wp","href":"https:\/\/api.w.org\/{rel}","templated":true}]}}