{"id":18247,"date":"2023-12-06T09:40:19","date_gmt":"2023-12-06T07:40:19","guid":{"rendered":"https:\/\/www.sauda-hybel.no\/ny\/?page_id=18247"},"modified":"2023-12-06T09:52:32","modified_gmt":"2023-12-06T07:52:32","slug":"personvern","status":"publish","type":"page","link":"https:\/\/www.sauda-hybel.no\/ny\/personvern\/","title":{"rendered":"Personvern"},"content":{"rendered":"\t\t<div data-elementor-type=\"wp-page\" data-elementor-id=\"18247\" class=\"elementor elementor-18247\">\n\t\t\t\t\t\t<section class=\"elementor-section elementor-top-section elementor-element elementor-element-21e2c1dd elementor-section-height-min-height animated-slow elementor-section-boxed elementor-section-height-default elementor-section-items-middle elementor-invisible\" data-id=\"21e2c1dd\" data-element_type=\"section\" data-e-type=\"section\" data-settings=\"{&quot;background_background&quot;:&quot;classic&quot;,&quot;animation&quot;:&quot;fadeIn&quot;,&quot;shape_divider_bottom&quot;:&quot;opacity-tilt&quot;}\">\n\t\t\t\t\t\t\t<div class=\"elementor-background-overlay\"><\/div>\n\t\t\t\t\t\t<div class=\"elementor-shape elementor-shape-bottom\" aria-hidden=\"true\" data-negative=\"false\">\n\t\t\t<svg xmlns=\"http:\/\/www.w3.org\/2000\/svg\" viewBox=\"0 0 2600 131.1\" preserveAspectRatio=\"none\">\n\t<path class=\"elementor-shape-fill\" d=\"M0 0L2600 0 2600 69.1 0 0z\"\/>\n\t<path class=\"elementor-shape-fill\" style=\"opacity:0.5\" d=\"M0 0L2600 0 2600 69.1 0 69.1z\"\/>\n\t<path class=\"elementor-shape-fill\" style=\"opacity:0.25\" d=\"M2600 0L0 0 0 130.1 2600 69.1z\"\/>\n<\/svg>\t\t<\/div>\n\t\t\t\t\t<div class=\"elementor-container elementor-column-gap-default\">\n\t\t\t\t\t<div class=\"elementor-column elementor-col-100 elementor-top-column elementor-element elementor-element-55287aa5\" data-id=\"55287aa5\" data-element_type=\"column\" data-e-type=\"column\">\n\t\t\t<div class=\"elementor-widget-wrap elementor-element-populated\">\n\t\t\t\t\t\t<div class=\"elementor-element elementor-element-7d1b87e0 elementor-invisible elementor-widget elementor-widget-heading\" data-id=\"7d1b87e0\" data-element_type=\"widget\" data-e-type=\"widget\" data-settings=\"{&quot;_animation&quot;:&quot;slideInLeft&quot;}\" data-widget_type=\"heading.default\">\n\t\t\t\t<div class=\"elementor-widget-container\">\n\t\t\t\t\t<h1 class=\"elementor-heading-title elementor-size-default\">PERSONVERN<\/h1>\t\t\t\t<\/div>\n\t\t\t\t<\/div>\n\t\t\t\t\t<\/div>\n\t\t<\/div>\n\t\t\t\t\t<\/div>\n\t\t<\/section>\n\t\t\t\t<section class=\"elementor-section elementor-top-section elementor-element elementor-element-7f2e462b elementor-section-boxed elementor-section-height-default elementor-section-height-default\" data-id=\"7f2e462b\" data-element_type=\"section\" data-e-type=\"section\">\n\t\t\t\t\t\t<div class=\"elementor-container elementor-column-gap-default\">\n\t\t\t\t\t<div class=\"elementor-column elementor-col-100 elementor-top-column elementor-element elementor-element-581f730\" data-id=\"581f730\" data-element_type=\"column\" data-e-type=\"column\">\n\t\t\t<div class=\"elementor-widget-wrap elementor-element-populated\">\n\t\t\t\t\t\t<section class=\"elementor-section elementor-inner-section elementor-element elementor-element-1af96cb6 elementor-section-boxed elementor-section-height-default elementor-section-height-default\" data-id=\"1af96cb6\" data-element_type=\"section\" data-e-type=\"section\">\n\t\t\t\t\t\t<div class=\"elementor-container elementor-column-gap-default\">\n\t\t\t\t\t<div class=\"elementor-column elementor-col-33 elementor-inner-column elementor-element elementor-element-61a2f6e9\" data-id=\"61a2f6e9\" data-element_type=\"column\" data-e-type=\"column\">\n\t\t\t<div class=\"elementor-widget-wrap\">\n\t\t\t\t\t\t\t<\/div>\n\t\t<\/div>\n\t\t\t\t<div class=\"elementor-column elementor-col-33 elementor-inner-column elementor-element elementor-element-48ea139e\" data-id=\"48ea139e\" data-element_type=\"column\" data-e-type=\"column\">\n\t\t\t<div class=\"elementor-widget-wrap elementor-element-populated\">\n\t\t\t\t\t\t<div class=\"elementor-element elementor-element-457d2f06 elementor-widget elementor-widget-text-editor\" data-id=\"457d2f06\" data-element_type=\"widget\" data-e-type=\"widget\" data-widget_type=\"text-editor.default\">\n\t\t\t\t<div class=\"elementor-widget-container\">\n\t\t\t\t\t\t\t\t\t<h4 id=\"nr1\"><span style=\"color: #33beff;\">1.<b>\u00a0BEHANDLINGSANSVARLIG<\/b><\/span><\/h4><p><b>Sauda Hybel <\/b>er ansvarlig for behandlingen av personopplysninger i forbindelse med alle varer og tjenester som leveres av\u00a0<b>Sauda Hybel.<\/b><\/p><h4 id=\"nr2\"><span style=\"color: #33beff;\">2<b>. V\u00c5R BRUK AV PERSONOPPLYSNINGER<\/b><\/span><\/h4><p><b>2.1 Registrering og innsamling av personopplysninger<\/b><\/p><p><b>Sauda Hybel<\/b>\u00a0behandler de personopplysningene du oppgir n\u00e5r du registrerer deg hos oss og opplysninger som du p\u00e5 annen m\u00e5te frivillig gir fra deg, for eksempel opplysninger om navn, adresse, e-postadresse og telefonnummer.<\/p><p>I tillegg registrer <b>Sauda Hybel<\/b>\u00a0informasjon om ditt kundeforhold til oss, for eksempel oversikt over hva som er kj\u00f8pt av varer.<\/p><p><strong>2<\/strong><b>.2 Hva personopplysningene brukes til<\/b><\/p><p>Vi bruker personopplysningene for \u00e5 gi deg de varer og tjenester du har registrert deg for, og for \u00e5 kunne administrere kundeforholdet, gjennomf\u00f8re leveranser, service, produktinformasjon, reklamasjonsh\u00e5ndtering og fakturering.<\/p><p><strong>2<\/strong><b>.3 S\u00e6rlig om bruk av informasjonskapsler \u00abcookies\u00bb.<\/b><\/p><p>P\u00e5 noen deler av\u00a0<b>*.sauda-hybel.no<\/b>\u00a0vil informasjonskapsler \u00abcookies\u00bb kunne bli benyttet. Dette gjelder eksempelvis p\u00e5 v\u00e5re hjemmesider. Cookies brukes for \u00e5 gj\u00f8re\u00a0<b>*.sauda-hybel.no<\/b>\u00a0mer brukervennlig. Vi bruker ikke cookies for \u00e5 samle sensitiv personlig informasjon. Du kan til enhver tid gj\u00f8re endringer i nettleseren din og blokkere cookies. Ved \u00e5 blokkere alle cookies kan det v\u00e6re at du mister tilgangen til deler av v\u00e5r hjemmeside.<\/p><h4 id=\"nr3\"><span style=\"color: #33beff;\">3<b>. OPPBEVARING OG LAGRING AV PERSONOPPLYSNINGER<\/b><\/span><\/h4><p>Vi oppbevarer personopplysninger i henhold til gjeldende lovgivning og har til enhver tid tiltak for \u00e5 sikre kravene til konfidensialitet, tilgjengelighet og integritet.<\/p><p>Personopplysningene dine vil bare bli lagret s\u00e5 lenge <b>Sauda Hybel<\/b> har et saklig behov for dette, og under enhver omstendighet ikke lenger enn det som f\u00f8lger av den til enhver tid gjeldende lovgivning. N\u00e5r <b>Sauda Hybel<\/b>\u00a0ikke lenger har et saklig behov for lagring av personopplysninger, vil opplysningene bli slettet eller anonymisert.<\/p><h4 id=\"nr4\"><strong><span style=\"color: #33beff;\">4. UTLEVERING AV PERSONOPPLYSNINGER \u2013 TAUSHETSPLIKT<\/span><\/strong><\/h4><p>Vi vil ikke utlevere personopplysninger som vedr\u00f8rer deg\/dere til utenforst\u00e5ende, unntatt n\u00e5r utlevering av personopplysningene skjer:<\/p><p>Med samtykke fra den som opplysningen gjelder,<\/p><p><b>b.<\/b>\u00a0Med hjemmel i lov eller forskrift gitt med hjemmel i lov,<br \/><b>c.<\/b>\u00a0Etter p\u00e5legg fra en domstol eller annen myndighet, eller<br \/><b>d.\u00a0<\/b>Som ledd i betalingsinnkreving mv. hvor det foreligger saklige grunner.<\/p><p>Taushetsplikten er likevel ikke til hinder for at <b>Sauda Hybel<\/b> tilgjengeliggj\u00f8r ovennevnte personopplysninger for de selskapene som etter avtale med <b>Sauda Hybel<\/b>\u00a0forest\u00e5r deler av den tekniske eller administrative driften av v\u00e5re tjenester.<\/p><p>N\u00e5r vi gir personopplysninger til selskaper som nevnt her, sikrer vi at disse tredjepartene overholder <b>Sauda Hybel<\/b>\u00a0sitt krav til behandling og bruk av personopplysninger og den til enhver tid gjeldende lovgivning.<\/p><h4 id=\"nr5\"><span style=\"color: #33beff;\">5<b>. DINE RETTIGHETER<\/b><\/span><\/h4><p>Du har til enhver tid rett til innsyn i de opplysninger som <b>Sauda Hybel<\/b>\u00a0har registrert om deg. Du kan ogs\u00e5 kreve retting og sletting av personopplysninger i samsvar med gjeldende lovgivning.<\/p><h4 id=\"nr6\"><span style=\"color: #33beff;\">6<b>. REVISJON AV DENNE PERSONVERNERKL\u00c6RINGEN<\/b><\/span><\/h4><p>Vi kan endre denne personvernerkl\u00e6ringen dersom:<\/p><p><b>a.<\/b>\u00a0V\u00e5r behandling av personopplysninger endres, eller<br \/><b>b.<\/b>\u00a0revisjon anses n\u00f8dvendig grunnet endring i lover eller forskrifter gitt i medhold av lov.<\/p><p><b>Sauda Hybel<\/b> vil gj\u00f8re enhver endring godt synlig, men vi anbefaler p\u00e5 generelt grunnlag at du leser denne personvernerkl\u00e6ringen med jevnlige mellomrom ved bes\u00f8k p\u00e5 v\u00e5re hjemmesider.<\/p><h4 id=\"nr7\"><span style=\"color: #33beff;\">7<b>. HENVENDELSER<\/b><\/span><\/h4><p>Du kan ta kontakt med oss via\u00a0<a href=\"mailto:post@sauda-hybel.no\" target=\"_blank\" rel=\"noopener\">post@sauda-hybel.no<\/a>\u00a0dersom du vil ha mer informasjon om\u00a0<b>Sauda Hybel\u2019s<\/b> behandling av personopplysninger.\u00a0<\/p>\t\t\t\t\t\t\t\t<\/div>\n\t\t\t\t<\/div>\n\t\t\t\t<div class=\"elementor-element elementor-element-126c156c elementor-widget elementor-widget-spacer\" data-id=\"126c156c\" data-element_type=\"widget\" data-e-type=\"widget\" data-widget_type=\"spacer.default\">\n\t\t\t\t<div class=\"elementor-widget-container\">\n\t\t\t\t\t\t\t<div class=\"elementor-spacer\">\n\t\t\t<div class=\"elementor-spacer-inner\"><\/div>\n\t\t<\/div>\n\t\t\t\t\t\t<\/div>\n\t\t\t\t<\/div>\n\t\t\t\t\t<\/div>\n\t\t<\/div>\n\t\t\t\t<div class=\"elementor-column elementor-col-33 elementor-inner-column elementor-element elementor-element-283b11a0\" data-id=\"283b11a0\" data-element_type=\"column\" data-e-type=\"column\">\n\t\t\t<div class=\"elementor-widget-wrap\">\n\t\t\t\t\t\t\t<\/div>\n\t\t<\/div>\n\t\t\t\t\t<\/div>\n\t\t<\/section>\n\t\t\t\t\t<\/div>\n\t\t<\/div>\n\t\t\t\t\t<\/div>\n\t\t<\/section>\n\t\t\t\t<section class=\"elementor-section elementor-top-section elementor-element elementor-element-485d6039 elementor-section-boxed elementor-section-height-default elementor-section-height-default\" data-id=\"485d6039\" data-element_type=\"section\" data-e-type=\"section\" data-settings=\"{&quot;shape_divider_bottom&quot;:&quot;opacity-fan&quot;}\">\n\t\t\t\t\t<div class=\"elementor-shape elementor-shape-bottom\" aria-hidden=\"true\" data-negative=\"false\">\n\t\t\t<svg xmlns=\"http:\/\/www.w3.org\/2000\/svg\" viewBox=\"0 0 283.5 19.6\" preserveAspectRatio=\"none\">\n\t<path class=\"elementor-shape-fill\" style=\"opacity:0.33\" d=\"M0 0L0 18.8 141.8 4.1 283.5 18.8 283.5 0z\"\/>\n\t<path class=\"elementor-shape-fill\" style=\"opacity:0.33\" d=\"M0 0L0 12.6 141.8 4 283.5 12.6 283.5 0z\"\/>\n\t<path class=\"elementor-shape-fill\" style=\"opacity:0.33\" d=\"M0 0L0 6.4 141.8 4 283.5 6.4 283.5 0z\"\/>\n\t<path class=\"elementor-shape-fill\" d=\"M0 0L0 1.2 141.8 4 283.5 1.2 283.5 0z\"\/>\n<\/svg>\t\t<\/div>\n\t\t\t\t\t<div class=\"elementor-container elementor-column-gap-default\">\n\t\t\t\t\t<div class=\"elementor-column elementor-col-100 elementor-top-column elementor-element elementor-element-7984ad4\" data-id=\"7984ad4\" data-element_type=\"column\" data-e-type=\"column\">\n\t\t\t<div class=\"elementor-widget-wrap elementor-element-populated\">\n\t\t\t\t\t\t<div class=\"elementor-element elementor-element-aa2eada elementor-widget elementor-widget-spacer\" data-id=\"aa2eada\" data-element_type=\"widget\" data-e-type=\"widget\" data-widget_type=\"spacer.default\">\n\t\t\t\t<div class=\"elementor-widget-container\">\n\t\t\t\t\t\t\t<div class=\"elementor-spacer\">\n\t\t\t<div class=\"elementor-spacer-inner\"><\/div>\n\t\t<\/div>\n\t\t\t\t\t\t<\/div>\n\t\t\t\t<\/div>\n\t\t\t\t\t<\/div>\n\t\t<\/div>\n\t\t\t\t\t<\/div>\n\t\t<\/section>\n\t\t\t\t<\/div>\n\t\t","protected":false},"excerpt":{"rendered":"<p>PERSONVERN 1.\u00a0BEHANDLINGSANSVARLIG Sauda Hybel er ansvarlig for behandlingen av personopplysninger i forbindelse med alle varer og tjenester som leveres av\u00a0Sauda Hybel. 2. V\u00c5R BRUK AV PERSONOPPLYSNINGER 2.1 Registrering og innsamling av personopplysninger Sauda Hybel\u00a0behandler de personopplysningene du oppgir n\u00e5r du registrerer deg hos oss og opplysninger som du p\u00e5 annen m\u00e5te frivillig gir fra deg, [&hellip;]<\/p>\n","protected":false},"author":1,"featured_media":0,"parent":0,"menu_order":0,"comment_status":"closed","ping_status":"closed","template":"elementor_header_footer","meta":{"footnotes":""},"class_list":["post-18247","page","type-page","status-publish","hentry"],"_links":{"self":[{"href":"https:\/\/www.sauda-hybel.no\/ny\/wp-json\/wp\/v2\/pages\/18247","targetHints":{"allow":["GET"]}}],"collection":[{"href":"https:\/\/www.sauda-hybel.no\/ny\/wp-json\/wp\/v2\/pages"}],"about":[{"href":"https:\/\/www.sauda-hybel.no\/ny\/wp-json\/wp\/v2\/types\/page"}],"author":[{"embeddable":true,"href":"https:\/\/www.sauda-hybel.no\/ny\/wp-json\/wp\/v2\/users\/1"}],"replies":[{"embeddable":true,"href":"https:\/\/www.sauda-hybel.no\/ny\/wp-json\/wp\/v2\/comments?post=18247"}],"version-history":[{"count":0,"href":"https:\/\/www.sauda-hybel.no\/ny\/wp-json\/wp\/v2\/pages\/18247\/revisions"}],"wp:attachment":[{"href":"https:\/\/www.sauda-hybel.no\/ny\/wp-json\/wp\/v2\/media?parent=18247"}],"curies":[{"name":"wp","href":"https:\/\/api.w.org\/{rel}","templated":true}]}}